{"id":3130,"date":"2024-03-18T11:11:26","date_gmt":"2024-03-18T11:11:26","guid":{"rendered":"https:\/\/janssencosmetics.lt\/?post_type=product&#038;p=3130"},"modified":"2026-04-12T11:14:01","modified_gmt":"2026-04-12T11:14:01","slug":"regeneruojantis-koncentratas-su-vit-c-5ml","status":"publish","type":"product","link":"https:\/\/janssencosmetics.lt\/en\/produktas\/regeneruojantis-koncentratas-su-vit-c-5ml\/","title":{"rendered":"Regeneruojantis koncentratas su vit.C, 5ml"},"content":{"rendered":"<p>Vitaminas C pasi\u017eymi antioksidacin\u0117mis savyb\u0117mis, normalizuoja od\u0105, stiprina jos gynybines savybes. D\u0117l sud\u0117tyje esan\u010dios hialurono r\u016bg\u0161ties\u00a0<strong>\u00a0\u00a0<\/strong>atkuriamas odos turgoras, i\u0161laikomas maksimalaus dr\u0117gm\u0117s lygis odoje, i\u0161lyginamos rauk\u0161leles.<br \/>\n<strong>Veiklieji komponentai:\u00a0<\/strong>vitaminas C, hialurono r\u016bg\u0161tis.<br \/>\n<strong>Naudojimas:\u00a0<\/strong>naudojamas kursu. 2-3 produkto paspaudimus tepti ant \u0161varios veido odos ryte ir\/ar vakare prie\u0161 krem\u0105.<strong>\u00a0\u00a0\u00a0\u00a0\u00a0\u00a0\u00a0\u00a0\u00a0\u00a0\u00a0\u00a0\u00a0\u00a0\u00a0\u00a0<\/strong><\/p>\n","protected":false},"excerpt":{"rendered":"<p>U\u017ekerta keli\u0105 prie\u0161laikinio kolageno skaidul\u0173 irimui ir odos sen\u0117jimui, stimuliuoja \u00a0l\u0105steli\u0173 regeneracij\u0105, kolageno ir elastino gamyb\u0105.<\/p>\n","protected":false},"featured_media":3131,"template":"","meta":[],"product_cat":[31],"product_tag":[],"_links":{"self":[{"href":"https:\/\/janssencosmetics.lt\/en\/wp-json\/wp\/v2\/product\/3130"}],"collection":[{"href":"https:\/\/janssencosmetics.lt\/en\/wp-json\/wp\/v2\/product"}],"about":[{"href":"https:\/\/janssencosmetics.lt\/en\/wp-json\/wp\/v2\/types\/product"}],"wp:featuredmedia":[{"embeddable":true,"href":"https:\/\/janssencosmetics.lt\/en\/wp-json\/wp\/v2\/media\/3131"}],"wp:attachment":[{"href":"https:\/\/janssencosmetics.lt\/en\/wp-json\/wp\/v2\/media?parent=3130"}],"wp:term":[{"taxonomy":"product_cat","embeddable":true,"href":"https:\/\/janssencosmetics.lt\/en\/wp-json\/wp\/v2\/product_cat?post=3130"},{"taxonomy":"product_tag","embeddable":true,"href":"https:\/\/janssencosmetics.lt\/en\/wp-json\/wp\/v2\/product_tag?post=3130"}],"curies":[{"name":"wp","href":"https:\/\/api.w.org\/{rel}","templated":true}]}}