{"id":3112,"date":"2024-03-15T10:45:18","date_gmt":"2024-03-15T10:45:18","guid":{"rendered":"https:\/\/janssencosmetics.lt\/?post_type=product&#038;p=3112"},"modified":"2024-08-16T09:34:37","modified_gmt":"2024-08-16T09:34:37","slug":"koncentratas-su-juriniu-kolagenu-7x2ml-new","status":"publish","type":"product","link":"https:\/\/janssencosmetics.lt\/en\/produktas\/koncentratas-su-juriniu-kolagenu-7x2ml-new\/","title":{"rendered":"NAUJIENA! Koncentratas su J\u016briniu kolagenu, 7x2ml"},"content":{"rendered":"<p>J\u016brinio kolageno, hialurono r\u016bg\u0161ties ir granat\u0173 ekstrakto d\u0117ka, \u0161is koncentratas jaunina od\u0105 l\u0105steli\u0173 lygyje, dr\u0117kina bei suteikia odai stangrumo, gaivumo ir liftingo efekt\u0105.<br \/>\n<strong>Veiklieji komponentai<\/strong>: J\u016brinis kolagenas, Ilgos grandin\u0117s hialurono r\u016bg\u0161tis, Granat\u0173 ekstraktas.<br \/>\n<strong>Naudojimas:<\/strong> \u00a0Prilaikant servet\u0117le nulau\u017eyti ampul\u0117s galvut\u0119, i\u0161pilti ampul\u0117s turin\u012f ant rankos ir paskirstyti ant odos. Venkite zonos aplink akis. Kasdien, ryte arba vakare paskirstykite ant nuvalytos veido, kaklo ir i\u0161kirpt\u0117s srities odos. Kursas yra kasdien, 7 dienas. Intensyvus kursas \u2013 28 dienos. Naudoti tik i\u0161ori\u0161kai.<\/p>\n<p>&nbsp;<\/p>\n","protected":false},"excerpt":{"rendered":"<p>Koncentratas l\u0105steli\u0173 regeneracijai.<\/p>\n","protected":false},"featured_media":3113,"template":"","meta":[],"product_cat":[38,117],"product_tag":[],"_links":{"self":[{"href":"https:\/\/janssencosmetics.lt\/en\/wp-json\/wp\/v2\/product\/3112"}],"collection":[{"href":"https:\/\/janssencosmetics.lt\/en\/wp-json\/wp\/v2\/product"}],"about":[{"href":"https:\/\/janssencosmetics.lt\/en\/wp-json\/wp\/v2\/types\/product"}],"wp:featuredmedia":[{"embeddable":true,"href":"https:\/\/janssencosmetics.lt\/en\/wp-json\/wp\/v2\/media\/3113"}],"wp:attachment":[{"href":"https:\/\/janssencosmetics.lt\/en\/wp-json\/wp\/v2\/media?parent=3112"}],"wp:term":[{"taxonomy":"product_cat","embeddable":true,"href":"https:\/\/janssencosmetics.lt\/en\/wp-json\/wp\/v2\/product_cat?post=3112"},{"taxonomy":"product_tag","embeddable":true,"href":"https:\/\/janssencosmetics.lt\/en\/wp-json\/wp\/v2\/product_tag?post=3112"}],"curies":[{"name":"wp","href":"https:\/\/api.w.org\/{rel}","templated":true}]}}