{"id":3109,"date":"2024-03-15T10:40:08","date_gmt":"2024-03-15T10:40:08","guid":{"rendered":"https:\/\/janssencosmetics.lt\/?post_type=product&#038;p=3109"},"modified":"2024-08-16T09:34:56","modified_gmt":"2024-08-16T09:34:56","slug":"chill-raminantis-oda-koncentratas7x2ml-new","status":"publish","type":"product","link":"https:\/\/janssencosmetics.lt\/en\/produktas\/chill-raminantis-oda-koncentratas7x2ml-new\/","title":{"rendered":"NAUJIENA! CHILL Raminantis od\u0105 koncentratas,7x2ml"},"content":{"rendered":"<p>Turtinga formul\u0117 su CBD aliejumi ir \u0161iauriniais triufeliais pasi\u017eyminti unikaliomis, od\u0105 puosel\u0117jan\u010diomis savyb\u0117mis, padeda nuraminti odos sudirgimus ir paraudim\u0105 bei sustiprinti odos atsparum\u0105. Be to, CBD Calming Fluid sud\u0117tyje yra novatori\u0161ko gryb\u0173 ekstrakto, kuris veikia kaip neuronus raminantis agentas, akivaizd\u017eiai blokuodamas specifinius skausmo receptorius, suma\u017eindamas odos skausmo slenkst\u012f ir padarydamas gle\u017en\u0105 od\u0105 ma\u017eiau jautri\u0105.<br \/>\n<strong>Veiklieji komponentai:<\/strong> CBD aliejus: CBD (kanabidiolio santrumpa) priklauso kanabinoid\u0173 grupei,\u0160iaur\u0117s triufelis,Sacharido izomeratas,Bisabololis,Pantenolis,Aloe vera,Ilgos grandin\u0117s hialurono r\u016bg\u0161tis,Trumpos grandin\u0117s hialurono r\u016bg\u0161tis.<br \/>\n<strong>Naudojimas:<\/strong>\u00a0Prilaikant servet\u0117le nulau\u017eyti ampul\u0117s galvut\u0119, i\u0161pilti ampul\u0117s turin\u012f ant rankos ir paskirstyti ant odos. Venkite zonos aplink akis. Kasdien, ryte arba vakare paskirstykite ant nuvalytos veido, kaklo ir i\u0161kirpt\u0117s srities odos. Kursas yra kasdien, 7 dienas. Intensyvus kursas \u2013 28 dienos. Naudoti tik i\u0161ori\u0161kai.<\/p>\n","protected":false},"excerpt":{"rendered":"<p>CBD Calming fluid akimirksniu nuramina od\u0105, ma\u017eina odos jautrum\u0105, paraudimus ir sudirgim\u0105. Dr\u0117kina veido od\u0105<em>.<\/em><\/p>\n","protected":false},"featured_media":3110,"template":"","meta":[],"product_cat":[38,117],"product_tag":[],"_links":{"self":[{"href":"https:\/\/janssencosmetics.lt\/en\/wp-json\/wp\/v2\/product\/3109"}],"collection":[{"href":"https:\/\/janssencosmetics.lt\/en\/wp-json\/wp\/v2\/product"}],"about":[{"href":"https:\/\/janssencosmetics.lt\/en\/wp-json\/wp\/v2\/types\/product"}],"wp:featuredmedia":[{"embeddable":true,"href":"https:\/\/janssencosmetics.lt\/en\/wp-json\/wp\/v2\/media\/3110"}],"wp:attachment":[{"href":"https:\/\/janssencosmetics.lt\/en\/wp-json\/wp\/v2\/media?parent=3109"}],"wp:term":[{"taxonomy":"product_cat","embeddable":true,"href":"https:\/\/janssencosmetics.lt\/en\/wp-json\/wp\/v2\/product_cat?post=3109"},{"taxonomy":"product_tag","embeddable":true,"href":"https:\/\/janssencosmetics.lt\/en\/wp-json\/wp\/v2\/product_tag?post=3109"}],"curies":[{"name":"wp","href":"https:\/\/api.w.org\/{rel}","templated":true}]}}