{"id":3105,"date":"2024-03-15T10:23:15","date_gmt":"2024-03-15T10:23:15","guid":{"rendered":"https:\/\/janssencosmetics.lt\/?post_type=product&#038;p=3105"},"modified":"2024-08-26T09:22:27","modified_gmt":"2024-08-26T09:22:27","slug":"reset-regeneruojantis-dvi-fazis-koncentratas7x2ml-new","status":"publish","type":"product","link":"https:\/\/janssencosmetics.lt\/en\/produktas\/reset-regeneruojantis-dvi-fazis-koncentratas7x2ml-new\/","title":{"rendered":"NAUJIENA! RESET Regeneruojantis dvi-fazis koncentratas,7x2ml"},"content":{"rendered":"<p>Dvi-fazis koncentratas &#8211; pagalba pavargusiai odai.<br \/>\nSerumas dr\u0117kina,ramina od\u0105, skaistina ir gerina lipidin\u012f odos berjer\u0105. Sud\u0117tyje esantys g\u0117li\u0173 aliejai ir hialurono r\u016bg\u0161tis gerina odos strukt\u016br\u0105.<\/p>\n<p><strong>Veiklieji komponentai<\/strong>: Midsummer Night aliejinis kompleksas,Raudon\u0173j\u0173 dobil\u0173 ekstraktas,Bisabololis,Skvalanas,Makadamij\u0173 rie\u0161ut\u0173 aliejus,Levand\u0173 aliejus,Ilgos grandin\u0117s hialurono r\u016bg\u0161tis,Trumpos grandin\u0117s hialurono r\u016bg\u0161tis,Sacharido izomeratas.<br \/>\n<strong>Naudojimas:<\/strong>\u00a0Prilaikant servet\u0117le nulau\u017eyti ampul\u0117s galvut\u0119, i\u0161pilti ampul\u0117s turin\u012f ant rankos ir paskirstyti ant odos. Venkite zonos aplink akis. Kasdien, ryte arba vakare paskirstykite ant nuvalytos veido, kaklo ir i\u0161kirpt\u0117s srities odos. Kursas yra kasdien, 7 dienas. Intensyvus kursas \u2013 28 dienos. Naudoti tik i\u0161ori\u0161kai.<\/p>\n","protected":false},"excerpt":{"rendered":"<p>Regeneruojantis dvi-fazis koncentratas su hialurono r. ir \u017eied\u0173 aliejais.<\/p>\n","protected":false},"featured_media":3106,"template":"","meta":[],"product_cat":[38,117],"product_tag":[],"_links":{"self":[{"href":"https:\/\/janssencosmetics.lt\/en\/wp-json\/wp\/v2\/product\/3105"}],"collection":[{"href":"https:\/\/janssencosmetics.lt\/en\/wp-json\/wp\/v2\/product"}],"about":[{"href":"https:\/\/janssencosmetics.lt\/en\/wp-json\/wp\/v2\/types\/product"}],"wp:featuredmedia":[{"embeddable":true,"href":"https:\/\/janssencosmetics.lt\/en\/wp-json\/wp\/v2\/media\/3106"}],"wp:attachment":[{"href":"https:\/\/janssencosmetics.lt\/en\/wp-json\/wp\/v2\/media?parent=3105"}],"wp:term":[{"taxonomy":"product_cat","embeddable":true,"href":"https:\/\/janssencosmetics.lt\/en\/wp-json\/wp\/v2\/product_cat?post=3105"},{"taxonomy":"product_tag","embeddable":true,"href":"https:\/\/janssencosmetics.lt\/en\/wp-json\/wp\/v2\/product_tag?post=3105"}],"curies":[{"name":"wp","href":"https:\/\/api.w.org\/{rel}","templated":true}]}}