{"id":3101,"date":"2024-03-15T10:06:09","date_gmt":"2024-03-15T10:06:09","guid":{"rendered":"https:\/\/janssencosmetics.lt\/?post_type=product&#038;p=3101"},"modified":"2025-10-24T14:27:38","modified_gmt":"2025-10-24T14:27:38","slug":"radiant-skin-fluid-7x2ml-new","status":"publish","type":"product","link":"https:\/\/janssencosmetics.lt\/en\/produktas\/radiant-skin-fluid-7x2ml-new\/","title":{"rendered":"NAUJIENA! GLAZE Skaistinantis koncentratas 7x2ml"},"content":{"rendered":"<p>Koncentrate yra Indijos vandenyno dumbli\u0173 ekstraktas, kuris suteikia nat\u016bral\u0173 odos \u0161vyt\u0117jim\u0105. Tuo pa\u010diu metu esantis bij\u016bn\u0173 ekstraktas u\u017etikrina odos skaistum\u0105. Hialurono r\u016bg\u0161tis suteikia odai dr\u0117gm\u0117s ir suma\u017eina rauk\u0161li\u0173 kiek\u012f.<br \/>\n<strong>Veiklieji komponentai<\/strong>: Dumbli\u0173 ekstraktas i\u0161 Indijos vandenyno,Bij\u016bn\u0173 ekstraktas,Trumpos grandin\u0117s hialurono r\u016bg\u0161tis.<br \/>\n<strong>Naudojimas:<\/strong>\u00a0Prilaikant servet\u0117le nulau\u017eyti ampul\u0117s galvut\u0119, i\u0161pilti ampul\u0117s turin\u012f ant rankos ir paskirstyti ant odos. Venkite zonos aplink akis. Kasdien, ryte arba vakare paskirstykite ant nuvalytos veido, kaklo ir i\u0161kirpt\u0117s srities odos. Kursas yra kasdien, 7 dienas. Intensyvus kursas \u2013 28 dienos. Naudoti tik i\u0161ori\u0161kai.<\/p>\n","protected":false},"excerpt":{"rendered":"<p>Skaistinantis koncentratas su Indijos vandenyno dumbli\u0173 ekstraktais.<\/p>\n","protected":false},"featured_media":3102,"template":"","meta":[],"product_cat":[38,117,61],"product_tag":[],"_links":{"self":[{"href":"https:\/\/janssencosmetics.lt\/en\/wp-json\/wp\/v2\/product\/3101"}],"collection":[{"href":"https:\/\/janssencosmetics.lt\/en\/wp-json\/wp\/v2\/product"}],"about":[{"href":"https:\/\/janssencosmetics.lt\/en\/wp-json\/wp\/v2\/types\/product"}],"wp:featuredmedia":[{"embeddable":true,"href":"https:\/\/janssencosmetics.lt\/en\/wp-json\/wp\/v2\/media\/3102"}],"wp:attachment":[{"href":"https:\/\/janssencosmetics.lt\/en\/wp-json\/wp\/v2\/media?parent=3101"}],"wp:term":[{"taxonomy":"product_cat","embeddable":true,"href":"https:\/\/janssencosmetics.lt\/en\/wp-json\/wp\/v2\/product_cat?post=3101"},{"taxonomy":"product_tag","embeddable":true,"href":"https:\/\/janssencosmetics.lt\/en\/wp-json\/wp\/v2\/product_tag?post=3101"}],"curies":[{"name":"wp","href":"https:\/\/api.w.org\/{rel}","templated":true}]}}