{"id":3080,"date":"2024-02-20T13:08:01","date_gmt":"2024-02-20T13:08:01","guid":{"rendered":"https:\/\/janssencosmetics.lt\/?post_type=product&#038;p=3080"},"modified":"2026-01-08T12:34:43","modified_gmt":"2026-01-08T12:34:43","slug":"drekinantis-kremas-odai-su-lipidu-deficitu-30ml-new","status":"publish","type":"product","link":"https:\/\/janssencosmetics.lt\/en\/produktas\/drekinantis-kremas-odai-su-lipidu-deficitu-30ml-new\/","title":{"rendered":"Dr\u0117kinantis kremas odai su lipid\u0173 deficitu, 30ml NEW"},"content":{"rendered":"<p>Sodrios tekst\u016bros ir malonaus aromato anti age kremas. Tinka bet kokio tipo dehidratuotai odai, lipid\u0173 stokojan\u010diai odai. Ypatingai tinka \u017eiemos metu. Greitai pagerina sausos, \u012ftemptos, jautrios odos b\u016bkl\u0119, atkuria ir palaiko optimal\u0173 dr\u0117gm\u0117s lyg\u012f, mink\u0161tina ir lygina, ramina bei ma\u017eina odos \u0161erpetojim\u0105 ir dirginim\u0105. Rezultatas:jauna, lygi oda, ilgalaikis liftingo efektas ir spindesys.<br \/>\n<strong>Veiklieji komponentai:\u00a0<\/strong>Imperata cylindrica,Sacharido izomeratas,trij\u0173 skirting dyd\u017ei\u0173 hialurono r\u016bg\u0161tis,balt\u0173j\u0173 lubin\u0173 ekstraktas,Bisabololis,Avokad\u0173 aliejus,Vitaminas E-acetatas.<br \/>\n<strong>Naudojimas:\u00a0<\/strong>Naudokite ryte ir\/arba vakare.<\/p>\n","protected":false},"excerpt":{"rendered":"<p>Sodrios tekst\u016bros regeneruojantis kremas su hialurono r\u016bg\u0161timi.<\/p>\n","protected":false},"featured_media":3810,"template":"","meta":[],"product_cat":[28,98],"product_tag":[],"_links":{"self":[{"href":"https:\/\/janssencosmetics.lt\/en\/wp-json\/wp\/v2\/product\/3080"}],"collection":[{"href":"https:\/\/janssencosmetics.lt\/en\/wp-json\/wp\/v2\/product"}],"about":[{"href":"https:\/\/janssencosmetics.lt\/en\/wp-json\/wp\/v2\/types\/product"}],"wp:featuredmedia":[{"embeddable":true,"href":"https:\/\/janssencosmetics.lt\/en\/wp-json\/wp\/v2\/media\/3810"}],"wp:attachment":[{"href":"https:\/\/janssencosmetics.lt\/en\/wp-json\/wp\/v2\/media?parent=3080"}],"wp:term":[{"taxonomy":"product_cat","embeddable":true,"href":"https:\/\/janssencosmetics.lt\/en\/wp-json\/wp\/v2\/product_cat?post=3080"},{"taxonomy":"product_tag","embeddable":true,"href":"https:\/\/janssencosmetics.lt\/en\/wp-json\/wp\/v2\/product_tag?post=3080"}],"curies":[{"name":"wp","href":"https:\/\/api.w.org\/{rel}","templated":true}]}}