{"id":3058,"date":"2024-01-22T14:50:39","date_gmt":"2024-01-22T14:50:39","guid":{"rendered":"https:\/\/janssencosmetics.lt\/?post_type=product&#038;p=3058"},"modified":"2026-03-30T12:29:21","modified_gmt":"2026-03-30T12:29:21","slug":"paakiu-gelis-su-hialuronu15ml","status":"publish","type":"product","link":"https:\/\/janssencosmetics.lt\/en\/produktas\/paakiu-gelis-su-hialuronu15ml\/","title":{"rendered":"Paaki\u0173 gelis su hialuronu,15ml NEW (LIMITED EDITION)"},"content":{"rendered":"<p><span class=\"jCAhz ChMk0b\"><span class=\"ryNqvb\">Gaivinantis liftingo gelis aki\u0173 kont\u016brui su peptidais tonizuoja, gaivina ir intensyviai dr\u0117kina od\u0105.<\/span><\/span> <span class=\"jCAhz ChMk0b\"><span class=\"ryNqvb\">Suteikia greit\u0105 ir ilgalaik\u012f liftingo efekt\u0105.<\/span><\/span> \u00a0<span class=\"jCAhz ChMk0b\"><span class=\"ryNqvb\">Pagerina odos turgor\u0105 ir ma\u017eina nuovargio po\u017eymius.<\/span><\/span>\u00a0<span class=\"jCAhz ChMk0b\"><span class=\"ryNqvb\">Labai greitai susigeria, akimirksniu pa\u0161alina nuovargio ir streso po\u017eymius, stiprina apsaugin\u012f odos barjer\u0105 nuo neigiam\u0173 i\u0161or\u0117s veiksni\u0173.<\/span><\/span><br \/>\n<strong>Veiklieji komponentai: <\/strong>avi\u017e\u0173 ekstraktas, ilg\u0173j\u0173 ir trump\u0173j\u0173 grandini\u0173 hialurono r\u016bg\u0161tis, acetyl octapeptide-3 (SNAP-8) ekstraktas, RSA varis,augalinis glicerinas.<br \/>\n<strong>Naudojimas:<\/strong>Naudoti ryte ir vakare. Nor\u0117dami sustiprinti efekt\u0105, galite laikyti \u0161aldytuve.<\/p>\n","protected":false},"excerpt":{"rendered":"<p>Paaki\u0173 gelis su hialuronu giliai dr\u0117kina ir maitina, gerina barjerin\u0119 odos funkcij\u0105.<\/p>\n","protected":false},"featured_media":3074,"template":"","meta":[],"product_cat":[34,28,35],"product_tag":[],"_links":{"self":[{"href":"https:\/\/janssencosmetics.lt\/en\/wp-json\/wp\/v2\/product\/3058"}],"collection":[{"href":"https:\/\/janssencosmetics.lt\/en\/wp-json\/wp\/v2\/product"}],"about":[{"href":"https:\/\/janssencosmetics.lt\/en\/wp-json\/wp\/v2\/types\/product"}],"wp:featuredmedia":[{"embeddable":true,"href":"https:\/\/janssencosmetics.lt\/en\/wp-json\/wp\/v2\/media\/3074"}],"wp:attachment":[{"href":"https:\/\/janssencosmetics.lt\/en\/wp-json\/wp\/v2\/media?parent=3058"}],"wp:term":[{"taxonomy":"product_cat","embeddable":true,"href":"https:\/\/janssencosmetics.lt\/en\/wp-json\/wp\/v2\/product_cat?post=3058"},{"taxonomy":"product_tag","embeddable":true,"href":"https:\/\/janssencosmetics.lt\/en\/wp-json\/wp\/v2\/product_tag?post=3058"}],"curies":[{"name":"wp","href":"https:\/\/api.w.org\/{rel}","templated":true}]}}