{"id":239,"date":"2022-09-30T09:53:04","date_gmt":"2022-09-30T09:53:04","guid":{"rendered":"https:\/\/janssencosmetics.lt\/?post_type=product&#038;p=239"},"modified":"2026-03-28T18:14:53","modified_gmt":"2026-03-28T18:14:53","slug":"goodnight-lip-mask-lyginanti-lupu-kauke-nakciai-suteikianti-lupoms-stangrumo-ir-putlumo","status":"publish","type":"product","link":"https:\/\/janssencosmetics.lt\/en\/produktas\/goodnight-lip-mask-lyginanti-lupu-kauke-nakciai-suteikianti-lupoms-stangrumo-ir-putlumo\/","title":{"rendered":"Lyginanti l\u016bp\u0173 kauk\u0117 nak\u010diai, 15ml"},"content":{"rendered":"<p>D\u0117l itin veiksmingos sud\u0117ties, stipriai i\u0161d\u017eiuvusioms ir suskilin\u0117jusioms l\u016bpoms suteikiamas naujas kv\u0117pavimas \u2013 nakties met\u0173 kauk\u0117 \u012fsigeria \u012f l\u016bp\u0173 od\u0105, aktyvuoja intensyv\u0173 dr\u0117kinim\u0105, atpalaiduoja j\u0105 ir i\u0161lygina. Po nakties l\u016bpos yra lygios ir mink\u0161tos.<br \/>\nSud\u0117tyje yra od\u0105 lyginantis taukmed\u017eio sviestas, tausojantis augalinis va\u0161kas ir l\u0105steles stiprinantys aliejai papildomai suteikia l\u016bpoms elastingumo ir apimties.Tai tarsi greitoji pagalba pa\u017eeistoms l\u016bpoms &#8211; taip pat puikiai tinka naudoti ir dien\u0105.<br \/>\n<strong>Veiklieji komponentai:<\/strong> taukmed\u017eio sviestas, saul\u0117gr\u0105\u0163\u0173 va\u0161kas, rimbin\u0117s karpa\u017eol\u0117s va\u0161kas, lin\u0173 s\u0117men\u0173 aliejus, medviln\u0117s aliejus, gailut\u0117<br \/>\ndar\u017ein\u0117, hialurono r\u016bg\u0161tis.<br \/>\n<strong>Naudojimas:<\/strong> u\u017etepkite kauk\u0119 ant \u0161vari\u0173 l\u016bp\u0173 ir palikite nak\u010diai.<\/p>\n","protected":false},"excerpt":{"rendered":"<p>Lyginanti l\u016bp\u0173 kauk\u0117 nak\u010diai, suteikianti l\u016bpoms stangrumo ir putlumo.<\/p>\n","protected":false},"featured_media":1432,"template":"","meta":[],"product_cat":[34,22,35],"product_tag":[],"_links":{"self":[{"href":"https:\/\/janssencosmetics.lt\/en\/wp-json\/wp\/v2\/product\/239"}],"collection":[{"href":"https:\/\/janssencosmetics.lt\/en\/wp-json\/wp\/v2\/product"}],"about":[{"href":"https:\/\/janssencosmetics.lt\/en\/wp-json\/wp\/v2\/types\/product"}],"wp:featuredmedia":[{"embeddable":true,"href":"https:\/\/janssencosmetics.lt\/en\/wp-json\/wp\/v2\/media\/1432"}],"wp:attachment":[{"href":"https:\/\/janssencosmetics.lt\/en\/wp-json\/wp\/v2\/media?parent=239"}],"wp:term":[{"taxonomy":"product_cat","embeddable":true,"href":"https:\/\/janssencosmetics.lt\/en\/wp-json\/wp\/v2\/product_cat?post=239"},{"taxonomy":"product_tag","embeddable":true,"href":"https:\/\/janssencosmetics.lt\/en\/wp-json\/wp\/v2\/product_tag?post=239"}],"curies":[{"name":"wp","href":"https:\/\/api.w.org\/{rel}","templated":true}]}}