{"id":2261,"date":"2023-05-19T13:54:05","date_gmt":"2023-05-19T13:54:05","guid":{"rendered":"https:\/\/janssencosmetics.lt\/?post_type=product&#038;p=2261"},"modified":"2026-01-15T10:16:05","modified_gmt":"2026-01-15T10:16:05","slug":"raminantis-2-faziu-biomimetinis-senejima-stabdantis-serumas-30ml","status":"publish","type":"product","link":"https:\/\/janssencosmetics.lt\/en\/produktas\/raminantis-2-faziu-biomimetinis-senejima-stabdantis-serumas-30ml\/","title":{"rendered":"Raminantis,sen\u0117jim\u0105 stabdantis 2 fazi\u0173 biomimetinis serumas, 30ml  &#8211; 70%!"},"content":{"rendered":"<p><span class=\"WdYUQQ\">Gr\u0105\u017eina odai komfort\u0105, ramina, ma\u017eina dirginim\u0105, paraudim\u0105, u\u017edegim\u0105, didina apsaugines odos savybes. Stabdo su am\u017eiumi susijusius poky\u010dius.<br \/>\n<strong>Veiklieji komponentai:<\/strong> Hialurono r\u016bg\u0161ties druska, glicerinas, alavijo lap\u0173 ekstraktas, \u017ealiosios arbatos lap\u0173 ekstraktas, alantoinas, pantenolis, tokoferolis (vitaminas E), tokotrienolis (vitaminas E), migdol\u0173 aliejus. <\/span><span class=\"WdYUQQ\">Sud\u0117tyje n\u0117ra paraben\u0173. <\/span><span class=\"WdYUQQ\">Tinka moterims po depiliacijos ir vyrams po skutimosi.<\/span><br \/>\n<span class=\"WdYUQQ\"><strong>Naudojimas:\u00a0<\/strong>Prie\u0161 naudojim\u0105 serum\u0105 gerai suplakite, kad susimai\u0161yt\u0173 dvi faz\u0117s. Ryte ir vakare ant veido, kaklo ir dekolt\u0117 odos u\u017ela\u0161inkite 2-3 la\u0161us aliejinio serumo. Galite tepti 2 fazi\u0173 aliejaus serum\u0105 po savo Janssen Cosmetics veido dr\u0117kinamuoju kremu arba net \u012fmai\u0161yti kelis la\u0161us 2 fazi\u0173 aliejaus serumo \u012f dr\u0117kinam\u0105j\u0105 ar veido kauk\u0119.<\/span><\/p>\n","protected":false},"excerpt":{"rendered":"<p><span class=\"WdYUQQ\">Greitai pa\u0161alina jautrum\u0105, dr\u0117kina ir maitina od\u0105, neleid\u017eia jai i\u0161saus\u0117ti.<\/span><\/p>\n<p>Galiojimas: 2026.01<\/p>\n","protected":false},"featured_media":2265,"template":"","meta":[],"product_cat":[117,35],"product_tag":[],"_links":{"self":[{"href":"https:\/\/janssencosmetics.lt\/en\/wp-json\/wp\/v2\/product\/2261"}],"collection":[{"href":"https:\/\/janssencosmetics.lt\/en\/wp-json\/wp\/v2\/product"}],"about":[{"href":"https:\/\/janssencosmetics.lt\/en\/wp-json\/wp\/v2\/types\/product"}],"wp:featuredmedia":[{"embeddable":true,"href":"https:\/\/janssencosmetics.lt\/en\/wp-json\/wp\/v2\/media\/2265"}],"wp:attachment":[{"href":"https:\/\/janssencosmetics.lt\/en\/wp-json\/wp\/v2\/media?parent=2261"}],"wp:term":[{"taxonomy":"product_cat","embeddable":true,"href":"https:\/\/janssencosmetics.lt\/en\/wp-json\/wp\/v2\/product_cat?post=2261"},{"taxonomy":"product_tag","embeddable":true,"href":"https:\/\/janssencosmetics.lt\/en\/wp-json\/wp\/v2\/product_tag?post=2261"}],"curies":[{"name":"wp","href":"https:\/\/api.w.org\/{rel}","templated":true}]}}