{"id":2254,"date":"2023-05-19T13:24:43","date_gmt":"2023-05-19T13:24:43","guid":{"rendered":"https:\/\/janssencosmetics.lt\/?post_type=product&#038;p=2254"},"modified":"2026-03-12T07:54:36","modified_gmt":"2026-03-12T07:54:36","slug":"stangrinantis-2-faziu-serumas-skirtas-veidui-kaklui-ir-dekolte-sriciai-30ml","status":"publish","type":"product","link":"https:\/\/janssencosmetics.lt\/en\/produktas\/stangrinantis-2-faziu-serumas-skirtas-veidui-kaklui-ir-dekolte-sriciai-30ml\/","title":{"rendered":"Stangrinantis 2 fazi\u0173 serumas, skirtas veidui, kaklui ir dekolt\u0117 sri\u010diai, 30ml  -70%!"},"content":{"rendered":"<p>Serumas akimirksniu \u012fsiskverbia \u012f od\u0105, stiprina ir tonizuoja od\u0105, pagerina odos elastingum\u0105, lygina rauk\u0161les.\u00a0 Neutralizuoja laisvuosius radikalus ir apsaugo nuo prie\u0161laikinio sen\u0117jimo. Sud\u0117tyje n\u0117ra emulsikli\u0173 ir paraben\u0173.<br \/>\n<strong>Veiklieji komponentai:<\/strong> Glicerinas, natrio hialuronatas (hialurono r\u016bg\u0161tis druskos pavidalu), Imperata Cylindrica \u0161akn\u0173 ekstraktas, paracreso (Acmella Spilanthes) ekstraktas, argano aliejus, tokotrienolis (vitaminas E), tokoferolis (vitaminas E).<br \/>\n<strong>Naudojimas: <\/strong>Prie\u0161 naudojim\u0105 serum\u0105 gerai suplakite, kad susimai\u0161yt\u0173 dvi faz\u0117s. Ryte ir vakare ant veido, kaklo ir dekolt\u0117 odos u\u017ela\u0161inkite 2-3 la\u0161us aliejinio serumo. Galite tepti 2 fazi\u0173 aliejaus serum\u0105 po savo Janssen Cosmetics veido dr\u0117kinamuoju kremu arba net \u012fmai\u0161yti kelis la\u0161us 2 fazi\u0173 aliejaus serumo \u012f dr\u0117kinam\u0105j\u0105 ar veido kauk\u0119.<\/p>\n","protected":false},"excerpt":{"rendered":"<p><span class=\"WdYUQQ\">Serumas i\u0161lygina mimikos ir<\/span> <span class=\"WdYUQQ\">dehidratacijos rauk\u0161les, p<\/span><span class=\"WdYUQQ\">agerina odos elastingum\u0105.<\/span><\/p>\n<p>Galiojimo laikas: 2026.01<\/p>\n","protected":false},"featured_media":2259,"template":"","meta":[],"product_cat":[117,35],"product_tag":[],"_links":{"self":[{"href":"https:\/\/janssencosmetics.lt\/en\/wp-json\/wp\/v2\/product\/2254"}],"collection":[{"href":"https:\/\/janssencosmetics.lt\/en\/wp-json\/wp\/v2\/product"}],"about":[{"href":"https:\/\/janssencosmetics.lt\/en\/wp-json\/wp\/v2\/types\/product"}],"wp:featuredmedia":[{"embeddable":true,"href":"https:\/\/janssencosmetics.lt\/en\/wp-json\/wp\/v2\/media\/2259"}],"wp:attachment":[{"href":"https:\/\/janssencosmetics.lt\/en\/wp-json\/wp\/v2\/media?parent=2254"}],"wp:term":[{"taxonomy":"product_cat","embeddable":true,"href":"https:\/\/janssencosmetics.lt\/en\/wp-json\/wp\/v2\/product_cat?post=2254"},{"taxonomy":"product_tag","embeddable":true,"href":"https:\/\/janssencosmetics.lt\/en\/wp-json\/wp\/v2\/product_tag?post=2254"}],"curies":[{"name":"wp","href":"https:\/\/api.w.org\/{rel}","templated":true}]}}