{"id":2245,"date":"2023-05-19T12:52:27","date_gmt":"2023-05-19T12:52:27","guid":{"rendered":"https:\/\/janssencosmetics.lt\/?post_type=product&#038;p=2245"},"modified":"2025-10-22T10:42:47","modified_gmt":"2025-10-22T10:42:47","slug":"2-faziu-drekinamasis-serumas-sausai-ir-dehidratuotai-odai-30ml","status":"publish","type":"product","link":"https:\/\/janssencosmetics.lt\/en\/produktas\/2-faziu-drekinamasis-serumas-sausai-ir-dehidratuotai-odai-30ml\/","title":{"rendered":"2 fazi\u0173 dr\u0117kinamasis serumas sausai ir dehidratuotai odai, 30ml"},"content":{"rendered":"<p>Dr\u0117kinamasis serumas gerina elastingum\u0105 ir nat\u016bral\u0173 odos spindes\u012f,i\u0161lyginamos smulkios rauk\u0161l\u0117s.<br \/>\nStiprinamas apsauginis odos barjeras. Sud\u0117tyje n\u0117ra emulsikli\u0173 ir paraben\u0173.<br \/>\n<strong>Veiklieji komponentai: <\/strong>Vitamino E kompleksas, Hialurono r\u016bg\u0161tis, Biotinas, Jojoba aliejus.<br \/>\n<strong>Naudojimas:<\/strong> Prie\u0161 naudojim\u0105 serum\u0105 gerai suplakite, kad susimai\u0161yt\u0173 dvi faz\u0117s. Ryte ir vakare ant veido, kaklo ir dekolt\u0117 odos u\u017ela\u0161inkite 2-3 la\u0161us aliejinio serumo. Galite tepti 2 fazi\u0173 aliejaus serum\u0105 po savo Janssen Cosmetics veido dr\u0117kinamuoju kremu arba net \u012fmai\u0161yti kelis la\u0161us 2 fazi\u0173 aliejaus serumo \u012f dr\u0117kinam\u0105j\u0105 ar veido kauk\u0119.<\/p>\n","protected":false},"excerpt":{"rendered":"<p>Intensyviai dr\u0117kina ir akivaizd\u017eiai stangrina od\u0105.<\/p>\n","protected":false},"featured_media":2251,"template":"","meta":[],"product_cat":[117,35],"product_tag":[],"_links":{"self":[{"href":"https:\/\/janssencosmetics.lt\/en\/wp-json\/wp\/v2\/product\/2245"}],"collection":[{"href":"https:\/\/janssencosmetics.lt\/en\/wp-json\/wp\/v2\/product"}],"about":[{"href":"https:\/\/janssencosmetics.lt\/en\/wp-json\/wp\/v2\/types\/product"}],"wp:featuredmedia":[{"embeddable":true,"href":"https:\/\/janssencosmetics.lt\/en\/wp-json\/wp\/v2\/media\/2251"}],"wp:attachment":[{"href":"https:\/\/janssencosmetics.lt\/en\/wp-json\/wp\/v2\/media?parent=2245"}],"wp:term":[{"taxonomy":"product_cat","embeddable":true,"href":"https:\/\/janssencosmetics.lt\/en\/wp-json\/wp\/v2\/product_cat?post=2245"},{"taxonomy":"product_tag","embeddable":true,"href":"https:\/\/janssencosmetics.lt\/en\/wp-json\/wp\/v2\/product_tag?post=2245"}],"curies":[{"name":"wp","href":"https:\/\/api.w.org\/{rel}","templated":true}]}}