{"id":2229,"date":"2023-05-12T12:03:41","date_gmt":"2023-05-12T12:03:41","guid":{"rendered":"https:\/\/janssencosmetics.lt\/?post_type=product&#038;p=2229"},"modified":"2026-03-23T09:31:56","modified_gmt":"2026-03-23T09:31:56","slug":"travel-size-jauninanti-veido-kauke-10ml","status":"publish","type":"product","link":"https:\/\/janssencosmetics.lt\/en\/produktas\/travel-size-jauninanti-veido-kauke-10ml\/","title":{"rendered":"Travel Size Jauninanti veido kauk\u0117 10ml -20%"},"content":{"rendered":"<p>Jauninanti kauk\u0117 skirta pavargusiai, praradusiai spind\u0117sio brand\u017eiai odai. Stipr\u0173 poveik\u012f turintis kompleksas r\u016bpinasi \u012fvairiapuse odos regeneracija, lygina ir gerina jos spindes\u012f. \u0160velnaus komplekso ir bisabololio derinys ramina oda ir maloniai atpalaiduoja. Hialurono r\u016bg\u0161tis sulaiko dr\u0117gm\u0119, tod\u0117l oda akimirksniu atrodo stangresn\u0117. Stulbinant\u012f rezultat\u0105 pamatysite jau po pirmos proced\u016bros.<br \/>\n<strong>Veiklieji komponentai:\u00a0<\/strong>CRC (Cellular Regeneration Complex), raudonojo dobilo ekstraktas, Kombucha: fermentuota juoda arbata, trumpas ir ilgas grandin\u0117s hialurono r\u016bg\u0161tis, labai aktyvus augalinis kompleksas, Alfa-bisabololis, makadamijos rie\u0161ut\u0173 aliejus, kupuasu aliejus, Vitaminas E acetatas.<br \/>\n<strong>Naudojimas:<\/strong>du arba tris kartus per savait\u0119, geriau vakarais, gausiai u\u017etepti ant nuvalytos odos, po 10 \u2013 15 min. nuplauti liku\u010dius arba juos \u012fmasa\u017euoti.Po to panaudoti \u012fprastas odos prie\u017ei\u016bros priemones.<\/p>\n","protected":false},"excerpt":{"rendered":"<p>Brand\u017ei\u0105 od\u0105 i\u0161lyginanti kauk\u0117 su l\u0105steles regeneruojan\u010diu kompleksu i\u0161 raudon\u0173j\u0173 dobil\u0173 ekstrakto ir kombu\u010dos.<\/p>\n","protected":false},"featured_media":2233,"template":"","meta":[],"product_cat":[30],"product_tag":[],"_links":{"self":[{"href":"https:\/\/janssencosmetics.lt\/en\/wp-json\/wp\/v2\/product\/2229"}],"collection":[{"href":"https:\/\/janssencosmetics.lt\/en\/wp-json\/wp\/v2\/product"}],"about":[{"href":"https:\/\/janssencosmetics.lt\/en\/wp-json\/wp\/v2\/types\/product"}],"wp:featuredmedia":[{"embeddable":true,"href":"https:\/\/janssencosmetics.lt\/en\/wp-json\/wp\/v2\/media\/2233"}],"wp:attachment":[{"href":"https:\/\/janssencosmetics.lt\/en\/wp-json\/wp\/v2\/media?parent=2229"}],"wp:term":[{"taxonomy":"product_cat","embeddable":true,"href":"https:\/\/janssencosmetics.lt\/en\/wp-json\/wp\/v2\/product_cat?post=2229"},{"taxonomy":"product_tag","embeddable":true,"href":"https:\/\/janssencosmetics.lt\/en\/wp-json\/wp\/v2\/product_tag?post=2229"}],"curies":[{"name":"wp","href":"https:\/\/api.w.org\/{rel}","templated":true}]}}