{"id":2226,"date":"2023-05-12T11:47:43","date_gmt":"2023-05-12T11:47:43","guid":{"rendered":"https:\/\/janssencosmetics.lt\/?post_type=product&#038;p=2226"},"modified":"2023-10-09T11:50:53","modified_gmt":"2023-10-09T11:50:53","slug":"travel-size-praturtintas-atstatomasis-kremas-10ml","status":"publish","type":"product","link":"https:\/\/janssencosmetics.lt\/en\/produktas\/travel-size-praturtintas-atstatomasis-kremas-10ml\/","title":{"rendered":"Travel Size Praturtintas atstatomasis kremas 10ml"},"content":{"rendered":"<p>Praturtintas atstatomasis kremas sukuria apsaugin\u0119 pl\u0117vel\u0119 ant odos pavir\u0161iaus ir palaiko jos barjerin\u0119 funkcij\u0105, u\u017etikrina visapusi\u0161k\u0105 brand\u017eios odos regeneracij\u0105 ir stiprina jos strukt\u016br\u0105. Be to, Rich Recovery Cream gali b\u016bti naudojamas kaip masa\u017einis kremas taip pat kaip intensyvi naktin\u0117 prie\u017ei\u016bra nuo sen\u0117jimo.<br \/>\n<strong>Veiklieji komponentai:<\/strong>\u00a0<span class=\"jCAhz ChMk0b\"><span class=\"ryNqvb\">CRC (l\u0105steli\u0173 regeneracijos kompleksas),\u00a0<\/span><\/span><span class=\"jCAhz ChMk0b\"><span class=\"ryNqvb\">raudon\u0173j\u0173 dobil\u0173 ekstraktas,<\/span><\/span>\u00a0<span class=\"jCAhz ChMk0b\"><span class=\"ryNqvb\">Kombucha,<\/span><\/span>\u00a0<span class=\"jCAhz ChMk0b\"><span class=\"ryNqvb\">Vitamino A palmitatas,<\/span><\/span>\u00a0<span class=\"jCAhz ChMk0b\"><span class=\"ryNqvb\">Invertuotas cukrus,<\/span><\/span>\u00a0<span class=\"jCAhz ChMk0b\"><span class=\"ryNqvb\">Taukmed\u017eio sviestas,<\/span><\/span>\u00a0<span class=\"jCAhz ChMk0b\"><span class=\"ryNqvb\">Skvalenas,<\/span><\/span>\u00a0<span class=\"jCAhz ChMk0b\"><span class=\"ryNqvb\">Makadamij\u0173 rie\u0161ut\u0173 aliejus.<\/span><\/span><br \/>\n<strong>Naudojimas:<\/strong>\u00a0Ryte ir (arba) vakare tepkite krem\u0105 ant \u0161varios veido ir dekolt\u0117 odos.<\/p>\n","protected":false},"excerpt":{"rendered":"<p>Atstatomasis kremas\u00a0 giliai dr\u0117kina od\u0105, padidina tonus\u0105, turgor\u0105 ir odos tank\u012f. Suteikia odai \u0161vyt\u0117jimo, gaivumo ir jaunyst\u0117s.<\/p>\n","protected":false},"featured_media":2235,"template":"","meta":[],"product_cat":[30],"product_tag":[],"_links":{"self":[{"href":"https:\/\/janssencosmetics.lt\/en\/wp-json\/wp\/v2\/product\/2226"}],"collection":[{"href":"https:\/\/janssencosmetics.lt\/en\/wp-json\/wp\/v2\/product"}],"about":[{"href":"https:\/\/janssencosmetics.lt\/en\/wp-json\/wp\/v2\/types\/product"}],"wp:featuredmedia":[{"embeddable":true,"href":"https:\/\/janssencosmetics.lt\/en\/wp-json\/wp\/v2\/media\/2235"}],"wp:attachment":[{"href":"https:\/\/janssencosmetics.lt\/en\/wp-json\/wp\/v2\/media?parent=2226"}],"wp:term":[{"taxonomy":"product_cat","embeddable":true,"href":"https:\/\/janssencosmetics.lt\/en\/wp-json\/wp\/v2\/product_cat?post=2226"},{"taxonomy":"product_tag","embeddable":true,"href":"https:\/\/janssencosmetics.lt\/en\/wp-json\/wp\/v2\/product_tag?post=2226"}],"curies":[{"name":"wp","href":"https:\/\/api.w.org\/{rel}","templated":true}]}}