{"id":2220,"date":"2023-05-12T10:20:28","date_gmt":"2023-05-12T10:20:28","guid":{"rendered":"https:\/\/janssencosmetics.lt\/?post_type=product&#038;p=2220"},"modified":"2024-05-02T07:09:57","modified_gmt":"2024-05-02T07:09:57","slug":"travel-size-caviar-kremas-prabangus-anti-age-kremas-su-ikru-ekstraktu-10ml","status":"publish","type":"product","link":"https:\/\/janssencosmetics.lt\/en\/produktas\/travel-size-caviar-kremas-prabangus-anti-age-kremas-su-ikru-ekstraktu-10ml\/","title":{"rendered":"Travel Size Caviar kremas \u2013 prabangus anti-age kremas su ikr\u0173 ekstraktu 5ml"},"content":{"rendered":"<p>Ikr\u0173 ekstraktas \u2013 unikalus jaunyst\u0117s \u0161altinis, susidedantis i\u0161 baltym\u0173, aminor\u016bg\u0161\u010di\u0173, mineral\u0173, vitamin\u0173 komplekso, kuriame yra re\u010diausi\u0173 maistini\u0173 med\u017eiag\u0173, reikaling\u0173 normaliai l\u0105steli\u0173 veiklai. Vertingi aktyvus ingredientai, sujungti \u012f galing\u0105 formul\u0119, kuri stimuliuoja kolageno ir elastino sintez\u0119, padidina odos stangrum\u0105 ir elastingum\u0105, giliai dr\u0117kina, maitina ir stiprina, I\u0161lygina rauk\u0161les ir suteikia ry\u0161k\u0173 liftingo efekt\u0105. \u0160velni kremo tekst\u016bra ir i\u0161skirtinis aromatas paver\u010dia odos prie\u017ei\u016br\u0105 tikru karali\u0161ku ritualu.<br \/>\n<strong>Veiklieji komponentai:<\/strong> Ikr\u0173 ekstraktas, Mieli\u0173 ekstraktas (Toniskin EL), Ilgos grandin\u0117s hialurono r\u016bg\u0161tis, trumpos grandin\u0117s hialurono r\u016bg\u0161tis, Sacharido izomeratas, \u0160ilko ekstraktas.<br \/>\n<strong>Naudojimas:<\/strong> u\u017etepkite Caviar krem\u0105 ryte ir (arba) vakare ant odos po prausimosi ir \u0161velniai \u012fmasa\u017euokite. Venkite zon\u0105 aplink akis.<\/p>\n","protected":false},"excerpt":{"rendered":"<p>Caviar Luxury Cream \u2013 tai prabangus sen\u0117jim\u0105 stabdantis kremas, skirtas moterims, kurios renkasi sau tik tai, kas geriausia.<\/p>\n","protected":false},"featured_media":0,"template":"","meta":[],"product_cat":[35,24],"product_tag":[],"_links":{"self":[{"href":"https:\/\/janssencosmetics.lt\/en\/wp-json\/wp\/v2\/product\/2220"}],"collection":[{"href":"https:\/\/janssencosmetics.lt\/en\/wp-json\/wp\/v2\/product"}],"about":[{"href":"https:\/\/janssencosmetics.lt\/en\/wp-json\/wp\/v2\/types\/product"}],"wp:attachment":[{"href":"https:\/\/janssencosmetics.lt\/en\/wp-json\/wp\/v2\/media?parent=2220"}],"wp:term":[{"taxonomy":"product_cat","embeddable":true,"href":"https:\/\/janssencosmetics.lt\/en\/wp-json\/wp\/v2\/product_cat?post=2220"},{"taxonomy":"product_tag","embeddable":true,"href":"https:\/\/janssencosmetics.lt\/en\/wp-json\/wp\/v2\/product_tag?post=2220"}],"curies":[{"name":"wp","href":"https:\/\/api.w.org\/{rel}","templated":true}]}}