{"id":2210,"date":"2023-05-12T09:53:47","date_gmt":"2023-05-12T09:53:47","guid":{"rendered":"https:\/\/janssencosmetics.lt\/?post_type=product&#038;p=2210"},"modified":"2025-08-08T12:19:00","modified_gmt":"2025-08-08T12:19:00","slug":"travel-size-apsauginis-nuo-neigiamu-isoriniu-veiksniu-kremas-10ml","status":"publish","type":"product","link":"https:\/\/janssencosmetics.lt\/en\/produktas\/travel-size-apsauginis-nuo-neigiamu-isoriniu-veiksniu-kremas-10ml\/","title":{"rendered":"Travel Size Apsauginis nuo neigiam\u0173 i\u0161orini\u0173 veiksni\u0173 kremas 10ml"},"content":{"rendered":"<p>Anti-Pollution kremo intensyvaus poveikio formul\u0117 turi efektyvi\u0173 antioksidacini\u0173 veikli\u0173j\u0173 med\u017eiag\u0173, kurios sustiprina odos atsparum\u0105 i\u0161orinei tar\u0161ai. Kremas veikia kaip skydas, saugantis nuo neigiam\u0173 i\u0161orini\u0173 veiksni\u0173, akimirksniu nuraminantis od\u0105 ir ilgai j\u0105 dr\u0117kinantis. Neigiami aplinkos veiksniai ir UV radiacija sukelia odos stres\u0105, skatina laisv\u0173j\u0173 radikal\u0173 formavim\u0105si. Pastarieji sukelia ankstyv\u0105 fotosen\u0117jim\u0105, oda praranda elastingum\u0105, tad atrodo nuvargusi ir praradusi sveik\u0105 \u0161vyt\u0117jim\u0105. Anti-Pollution Cream sukurtas siekiant atkurti nat\u016brali\u0105 odos apsaugos funkcij\u0105, sustiprinti jos atsparum\u0105 aplinkos tar\u0161ai.<br \/>\n<strong>Veiklieji komponentai:<\/strong>\u00a0Raudonosios kamelijos ekstraktas, sacharido izomeratas, ilgos ir trumpos grandin\u0117s hialurono r\u016bg\u0161tis, alantoinas, taukmed\u017eio sviestas.<br \/>\n<strong>Naudojimas:<\/strong>nedidel\u012f kiek\u012f Anti-pollution Cream u\u017etepkite ant nuvalytos veido, kaklo ir i\u0161kirpt\u0117s srities odos, \u0161velniai \u012fmasa\u017euokite. Reguliariai naudokite kaip dienin\u012f ir naktin\u012f krem\u0105. Idealu kartu naudoti Pro-Immune Serum.<\/p>\n","protected":false},"excerpt":{"rendered":"<p>Naujasis Anti-Pollution kremas apsaugantis bei puosel\u0117jantis veido od\u0105,skirtas naudoti dienai ir nak\u010diai.<\/p>\n","protected":false},"featured_media":2237,"template":"","meta":[],"product_cat":[35],"product_tag":[],"_links":{"self":[{"href":"https:\/\/janssencosmetics.lt\/en\/wp-json\/wp\/v2\/product\/2210"}],"collection":[{"href":"https:\/\/janssencosmetics.lt\/en\/wp-json\/wp\/v2\/product"}],"about":[{"href":"https:\/\/janssencosmetics.lt\/en\/wp-json\/wp\/v2\/types\/product"}],"wp:featuredmedia":[{"embeddable":true,"href":"https:\/\/janssencosmetics.lt\/en\/wp-json\/wp\/v2\/media\/2237"}],"wp:attachment":[{"href":"https:\/\/janssencosmetics.lt\/en\/wp-json\/wp\/v2\/media?parent=2210"}],"wp:term":[{"taxonomy":"product_cat","embeddable":true,"href":"https:\/\/janssencosmetics.lt\/en\/wp-json\/wp\/v2\/product_cat?post=2210"},{"taxonomy":"product_tag","embeddable":true,"href":"https:\/\/janssencosmetics.lt\/en\/wp-json\/wp\/v2\/product_tag?post=2210"}],"curies":[{"name":"wp","href":"https:\/\/api.w.org\/{rel}","templated":true}]}}