{"id":2208,"date":"2023-05-11T13:52:50","date_gmt":"2023-05-11T13:52:50","guid":{"rendered":"https:\/\/janssencosmetics.lt\/?post_type=product&#038;p=2208"},"modified":"2025-08-08T10:29:19","modified_gmt":"2025-08-08T10:29:19","slug":"travel-size-valantis-gelis-riebiai-ir-misriai-probleminiai-odai-30ml","status":"publish","type":"product","link":"https:\/\/janssencosmetics.lt\/en\/produktas\/travel-size-valantis-gelis-riebiai-ir-misriai-probleminiai-odai-30ml\/","title":{"rendered":"Travel Size valantis gelis riebiai ir mi\u0161riai probleminiai odai 30ml"},"content":{"rendered":"<p>Clarifying Cleansing Gel\u00a0 ypa\u010d \u0161velniai valo od\u0105, papildomai dr\u0117kina ir ramina, ma\u017eina paraudim\u0105 ir sudirginim\u0105. Reguliaraus gelio naudojimo rezultatas \u2013 \u0161vari, gra\u017ei, sveika oda!<br \/>\n<strong>Veikliosios med\u017eiagos:<\/strong>\u00a0Decyl Glucoside (cukraus pagrindo aktyvioji nat\u016brali med\u017eiaga,Pantenolis (provitaminas B5).<br \/>\n<strong>Naudojimas:<\/strong>\u00a0Dr\u0117gnais delnais u\u017etepkite nedidel\u012f kiek\u012f Clarifying Cleansing Gel ant odos, lengvai pamasa\u017euokite ir tada nuplaukite. Nuvalykite od\u0105 Purifying Tonic.<\/p>\n","protected":false},"excerpt":{"rendered":"<p>Ypa\u010d \u0161velniai valo od\u0105, papildomai dr\u0117kina ir ramina, ma\u017eina paraudim\u0105 ir sudirginim\u0105.<\/p>\n","protected":false},"featured_media":3283,"template":"","meta":[],"product_cat":[26,22],"product_tag":[],"_links":{"self":[{"href":"https:\/\/janssencosmetics.lt\/en\/wp-json\/wp\/v2\/product\/2208"}],"collection":[{"href":"https:\/\/janssencosmetics.lt\/en\/wp-json\/wp\/v2\/product"}],"about":[{"href":"https:\/\/janssencosmetics.lt\/en\/wp-json\/wp\/v2\/types\/product"}],"wp:featuredmedia":[{"embeddable":true,"href":"https:\/\/janssencosmetics.lt\/en\/wp-json\/wp\/v2\/media\/3283"}],"wp:attachment":[{"href":"https:\/\/janssencosmetics.lt\/en\/wp-json\/wp\/v2\/media?parent=2208"}],"wp:term":[{"taxonomy":"product_cat","embeddable":true,"href":"https:\/\/janssencosmetics.lt\/en\/wp-json\/wp\/v2\/product_cat?post=2208"},{"taxonomy":"product_tag","embeddable":true,"href":"https:\/\/janssencosmetics.lt\/en\/wp-json\/wp\/v2\/product_tag?post=2208"}],"curies":[{"name":"wp","href":"https:\/\/api.w.org\/{rel}","templated":true}]}}