{"id":2205,"date":"2023-05-11T13:20:48","date_gmt":"2023-05-11T13:20:48","guid":{"rendered":"https:\/\/janssencosmetics.lt\/?post_type=product&#038;p=2205"},"modified":"2026-03-04T09:59:56","modified_gmt":"2026-03-04T09:59:56","slug":"travel-size-drekinamasis-gelis-paakiu-zonai-15ml","status":"publish","type":"product","link":"https:\/\/janssencosmetics.lt\/en\/produktas\/travel-size-drekinamasis-gelis-paakiu-zonai-15ml\/","title":{"rendered":"Travel Size Dr\u0117kinamasis gelis paaki\u0173 zonai 5ml"},"content":{"rendered":"<p>Gaivinantis ir v\u0117sinantis gelis skirtas jautriai paaki\u0173 odos prie\u017ei\u016brai. Lygina<strong>\u00a0<\/strong>sausumo sukeltas rauk\u0161leles ma\u017eina patinim\u0105, \u0161alina tamsius ratilus po akimis ir maloniai v\u0117sina. Nepalieka riebios pl\u0117vel\u0117s. Idealiai tinka ne\u0161iojantiems kontaktinius l\u0119\u0161ius.<br \/>\n<strong>Veiklieji komponentai:<\/strong>\u00a0ilg\u0173j\u0173 ir trump\u0173j\u0173 grandini\u0173 hialurono r\u016bg\u0161tis,ekstraktas Imperata cylindrica, kompleksas Sensitive.<br \/>\n<strong>Naudojimas:<\/strong>Naudoti ryte ir vakare. Galite nauduoti at\u0161aldyt\u0105.<\/p>\n","protected":false},"excerpt":{"rendered":"<p>Gaivinantis ir v\u0117sinantis gelis skirtas jautrios paaki\u0173 odos prie\u017ei\u016brai.<\/p>\n","protected":false},"featured_media":3227,"template":"","meta":[],"product_cat":[28,22],"product_tag":[],"_links":{"self":[{"href":"https:\/\/janssencosmetics.lt\/en\/wp-json\/wp\/v2\/product\/2205"}],"collection":[{"href":"https:\/\/janssencosmetics.lt\/en\/wp-json\/wp\/v2\/product"}],"about":[{"href":"https:\/\/janssencosmetics.lt\/en\/wp-json\/wp\/v2\/types\/product"}],"wp:featuredmedia":[{"embeddable":true,"href":"https:\/\/janssencosmetics.lt\/en\/wp-json\/wp\/v2\/media\/3227"}],"wp:attachment":[{"href":"https:\/\/janssencosmetics.lt\/en\/wp-json\/wp\/v2\/media?parent=2205"}],"wp:term":[{"taxonomy":"product_cat","embeddable":true,"href":"https:\/\/janssencosmetics.lt\/en\/wp-json\/wp\/v2\/product_cat?post=2205"},{"taxonomy":"product_tag","embeddable":true,"href":"https:\/\/janssencosmetics.lt\/en\/wp-json\/wp\/v2\/product_tag?post=2205"}],"curies":[{"name":"wp","href":"https:\/\/api.w.org\/{rel}","templated":true}]}}