{"id":2203,"date":"2023-05-11T13:16:48","date_gmt":"2023-05-11T13:16:48","guid":{"rendered":"https:\/\/janssencosmetics.lt\/?post_type=product&#038;p=2203"},"modified":"2026-04-01T17:58:18","modified_gmt":"2026-04-01T17:58:18","slug":"travel-size-intensyviai-drekinantis-kremas-50ml","status":"publish","type":"product","link":"https:\/\/janssencosmetics.lt\/en\/produktas\/travel-size-intensyviai-drekinantis-kremas-50ml\/","title":{"rendered":"Travel Size dr\u0117kinantis kremas odai su lipid\u0173 deficitu 10ml"},"content":{"rendered":"<p>Sodrios tekst\u016bros ir malonaus aromato anti age kremas. Tinka bet kokio tipo dehidratuotai odai, lipid\u0173 stokojan\u010diai odai.Ypatingai tinka \u017eiemos metu. Greitai pagerina sausos, \u012ftemptos, jautrios odos b\u016bkl\u0119,atkuria ir palaiko optimal\u0173 dr\u0117gm\u0117s lyg\u012f, mink\u0161tina ir lygina, ramina bei ma\u017eina odos \u0161erpetojim\u0105\u00a0ir\u00a0dirginim\u0105. Rezultatas:jauna, lygi oda, ilgalaikis liftingo efektas ir spindesys.<br \/>\n<strong>Veiklieji komponentai:<\/strong>Imperata cylindrica,Sacharido izomeratas,trij\u0173\u00a0skirting dyd\u017ei\u0173 hialurono r\u016bg\u0161tis,balt\u0173j\u0173 lubin\u0173 ekstraktas,Bisabololis,Avokad\u0173 aliejus,Vitaminas E-acetatas.<br \/>\n<strong>Naudojimas:<\/strong> Naudoti ant \u0161variai nuvalytos odos ryte ir\/arba vakare.<\/p>\n","protected":false},"excerpt":{"rendered":"<p>Intensyviai dr\u0117kinantis kremas skirtas sausai odai.<\/p>\n","protected":false},"featured_media":3197,"template":"","meta":[],"product_cat":[28],"product_tag":[],"_links":{"self":[{"href":"https:\/\/janssencosmetics.lt\/en\/wp-json\/wp\/v2\/product\/2203"}],"collection":[{"href":"https:\/\/janssencosmetics.lt\/en\/wp-json\/wp\/v2\/product"}],"about":[{"href":"https:\/\/janssencosmetics.lt\/en\/wp-json\/wp\/v2\/types\/product"}],"wp:featuredmedia":[{"embeddable":true,"href":"https:\/\/janssencosmetics.lt\/en\/wp-json\/wp\/v2\/media\/3197"}],"wp:attachment":[{"href":"https:\/\/janssencosmetics.lt\/en\/wp-json\/wp\/v2\/media?parent=2203"}],"wp:term":[{"taxonomy":"product_cat","embeddable":true,"href":"https:\/\/janssencosmetics.lt\/en\/wp-json\/wp\/v2\/product_cat?post=2203"},{"taxonomy":"product_tag","embeddable":true,"href":"https:\/\/janssencosmetics.lt\/en\/wp-json\/wp\/v2\/product_tag?post=2203"}],"curies":[{"name":"wp","href":"https:\/\/api.w.org\/{rel}","templated":true}]}}