{"id":2201,"date":"2023-05-11T13:10:45","date_gmt":"2023-05-11T13:10:45","guid":{"rendered":"https:\/\/janssencosmetics.lt\/?post_type=product&#038;p=2201"},"modified":"2024-08-16T10:47:10","modified_gmt":"2024-08-16T10:47:10","slug":"travel-size-intensyviai-drekinantis-kremas-10ml","status":"publish","type":"product","link":"https:\/\/janssencosmetics.lt\/en\/produktas\/travel-size-intensyviai-drekinantis-kremas-10ml\/","title":{"rendered":"Travel Size Intensyviai dr\u0117kinantis kremas 10ml"},"content":{"rendered":"<p>Kremas puikiai dr\u0117kina ir maitina od\u0105 vis\u0105 dien\u0105, apsaugo j\u0105 nuo neigiam\u0173 i\u0161orini\u0173 veiksni\u0173 (saul\u0117s, v\u0117jo, hipotermijos) poveikio, i\u0161lygina rauk\u0161les sukeltas sausumo, atstato odos elastingum\u0105.<br \/>\n<strong>Veiklieji komponentai:<\/strong>Imperata cylindrica,Sacharido izomeratas,Trij\u0173 skirting\u0173 dyd\u017ei\u0173 molekuli\u0173 r\u016bg\u0161tis, Makadamij\u0173 aliejus, Taukmed\u017eio sviestas, Alantoinas.<br \/>\n<strong>Naudojimas:<\/strong>\u00a0Naudoti ant \u0161variai nuvalytos odos ryte ir\/arba vakare.<\/p>\n<p>&nbsp;<\/p>\n<p>&nbsp;<\/p>\n","protected":false},"excerpt":{"rendered":"<p>Intensyviai dr\u0117kinantis kremas skirtas sausai odai.<\/p>\n","protected":false},"featured_media":3211,"template":"","meta":[],"product_cat":[28],"product_tag":[],"_links":{"self":[{"href":"https:\/\/janssencosmetics.lt\/en\/wp-json\/wp\/v2\/product\/2201"}],"collection":[{"href":"https:\/\/janssencosmetics.lt\/en\/wp-json\/wp\/v2\/product"}],"about":[{"href":"https:\/\/janssencosmetics.lt\/en\/wp-json\/wp\/v2\/types\/product"}],"wp:featuredmedia":[{"embeddable":true,"href":"https:\/\/janssencosmetics.lt\/en\/wp-json\/wp\/v2\/media\/3211"}],"wp:attachment":[{"href":"https:\/\/janssencosmetics.lt\/en\/wp-json\/wp\/v2\/media?parent=2201"}],"wp:term":[{"taxonomy":"product_cat","embeddable":true,"href":"https:\/\/janssencosmetics.lt\/en\/wp-json\/wp\/v2\/product_cat?post=2201"},{"taxonomy":"product_tag","embeddable":true,"href":"https:\/\/janssencosmetics.lt\/en\/wp-json\/wp\/v2\/product_tag?post=2201"}],"curies":[{"name":"wp","href":"https:\/\/api.w.org\/{rel}","templated":true}]}}