{"id":2200,"date":"2023-05-11T13:01:53","date_gmt":"2023-05-11T13:01:53","guid":{"rendered":"https:\/\/janssencosmetics.lt\/?post_type=product&#038;p=2200"},"modified":"2026-04-17T04:24:37","modified_gmt":"2026-04-17T04:24:37","slug":"travel-size-gaivinantis-veido-tonikas-30ml","status":"publish","type":"product","link":"https:\/\/janssencosmetics.lt\/en\/produktas\/travel-size-gaivinantis-veido-tonikas-30ml\/","title":{"rendered":"Travel Size Gaivinantis veido tonikas 30ml"},"content":{"rendered":"<p>Suteikia intensyv\u0173 dr\u0117kinim\u0105, revitalizuoja ir atgaivin\u0105 od\u0105. Sud\u0117tyje n\u0117ra alkoholio. Tinka visiems odos tipams. Gali b\u016bti naudojamas ir paaki\u0173 kompresams.<br \/>\n<strong>Veiklieji komponentai:<\/strong>\u00a0Tirpus kolagenas, Glicerolis.<strong><br \/>\nNaudojimas:<\/strong>Sudr\u0117kinti vatos pagalv\u0117les toniku ir pravalyti \u0161var\u0173 veid\u0105 ir kakl\u0105. Naudoti ryte ir vakare.<\/p>\n","protected":false},"excerpt":{"rendered":"<p>Gaivinamasis, dr\u0117kinamasis tonikas veidui.<\/p>\n","protected":false},"featured_media":3221,"template":"","meta":[],"product_cat":[28],"product_tag":[],"_links":{"self":[{"href":"https:\/\/janssencosmetics.lt\/en\/wp-json\/wp\/v2\/product\/2200"}],"collection":[{"href":"https:\/\/janssencosmetics.lt\/en\/wp-json\/wp\/v2\/product"}],"about":[{"href":"https:\/\/janssencosmetics.lt\/en\/wp-json\/wp\/v2\/types\/product"}],"wp:featuredmedia":[{"embeddable":true,"href":"https:\/\/janssencosmetics.lt\/en\/wp-json\/wp\/v2\/media\/3221"}],"wp:attachment":[{"href":"https:\/\/janssencosmetics.lt\/en\/wp-json\/wp\/v2\/media?parent=2200"}],"wp:term":[{"taxonomy":"product_cat","embeddable":true,"href":"https:\/\/janssencosmetics.lt\/en\/wp-json\/wp\/v2\/product_cat?post=2200"},{"taxonomy":"product_tag","embeddable":true,"href":"https:\/\/janssencosmetics.lt\/en\/wp-json\/wp\/v2\/product_tag?post=2200"}],"curies":[{"name":"wp","href":"https:\/\/api.w.org\/{rel}","templated":true}]}}