{"id":2198,"date":"2023-05-11T12:51:38","date_gmt":"2023-05-11T12:51:38","guid":{"rendered":"https:\/\/janssencosmetics.lt\/?post_type=product&#038;p=2198"},"modified":"2024-11-20T13:29:19","modified_gmt":"2024-11-20T13:29:19","slug":"travel-size-valanti-emulsija-pienelis-30ml","status":"publish","type":"product","link":"https:\/\/janssencosmetics.lt\/en\/produktas\/travel-size-valanti-emulsija-pienelis-30ml\/","title":{"rendered":"Travel Size \u0160velniai valantis pienelis 30ml"},"content":{"rendered":"<p>Tinka visiems odos tipams, taip pat jautriai odai, paruo\u0161ia od\u0105 tolesniai prie\u017ei\u016brai.<br \/>\n<strong>Veiklieji komponentai: <\/strong><span style=\"font-size: 16px;\">Avokad\u0173 aliejus. Vitaminas E, Askorbilo palmitatas.<br \/>\n<strong>Naudojimas: <\/strong>Ryte ir vakare,pir\u0161t\u0173 galiukais sukamaisiais masa\u017einiais judesiais pienel\u012f u\u017etepti ant veido ir kaklo. Gerai nuplauti \u0161iltu vandeniu ar nu\u0161luostyti dr\u0117gna servet\u0117le.<\/span><\/p>\n","protected":false},"excerpt":{"rendered":"<p>Pienelis\u00a0 atkuria optimal\u0173 odos dr\u0117gm\u0117s lyg\u012f, mink\u0161tina od\u0105.<\/p>\n","protected":false},"featured_media":3205,"template":"","meta":[],"product_cat":[28],"product_tag":[],"_links":{"self":[{"href":"https:\/\/janssencosmetics.lt\/en\/wp-json\/wp\/v2\/product\/2198"}],"collection":[{"href":"https:\/\/janssencosmetics.lt\/en\/wp-json\/wp\/v2\/product"}],"about":[{"href":"https:\/\/janssencosmetics.lt\/en\/wp-json\/wp\/v2\/types\/product"}],"wp:featuredmedia":[{"embeddable":true,"href":"https:\/\/janssencosmetics.lt\/en\/wp-json\/wp\/v2\/media\/3205"}],"wp:attachment":[{"href":"https:\/\/janssencosmetics.lt\/en\/wp-json\/wp\/v2\/media?parent=2198"}],"wp:term":[{"taxonomy":"product_cat","embeddable":true,"href":"https:\/\/janssencosmetics.lt\/en\/wp-json\/wp\/v2\/product_cat?post=2198"},{"taxonomy":"product_tag","embeddable":true,"href":"https:\/\/janssencosmetics.lt\/en\/wp-json\/wp\/v2\/product_tag?post=2198"}],"curies":[{"name":"wp","href":"https:\/\/api.w.org\/{rel}","templated":true}]}}