{"id":2139,"date":"2023-05-05T11:45:48","date_gmt":"2023-05-05T11:45:48","guid":{"rendered":"https:\/\/janssencosmetics.lt\/?post_type=product&#038;p=2139"},"modified":"2025-05-29T06:46:32","modified_gmt":"2025-05-29T06:46:32","slug":"revitalizuojantis-stangrinamasis-veido-serumas-30ml","status":"publish","type":"product","link":"https:\/\/janssencosmetics.lt\/en\/produktas\/revitalizuojantis-stangrinamasis-veido-serumas-30ml\/","title":{"rendered":"Revitalizuojantis, stangrinamasis veido serumas, 30ml"},"content":{"rendered":"<p><span class=\"WdYUQQ\">Serume esantys veiklieji komponentai padeda odai gra\u017einti prarast\u0105 stangrum\u0105 ir elastingum\u0105 po \u017eiemos.<br \/>\nAlpi\u0173 ro\u017e\u0117 stiprina odos kamienini\u0173 l\u0105steli\u0173 atsparum\u0105 ir saugo nuo UV spinduli\u0173 sukelto streso. Edelveiso ekstraktas taip pat palaiko nat\u016brali\u0105 odos barjerin\u0119 funkcij\u0105 ir padeda jai tapti atsparesnei aplinkos poveikiui. Lubinai skatina epidermio baltym\u0173 ir lipid\u0173 gamyb\u0105 ir taip stiprina odos barjerin\u0119 funkcij\u0105. Ro\u017ei\u0173 vanduo turi antioksidacin\u012f poveik\u012f ir saugo nuo laisv\u0173j\u0173 radikal\u0173. Rezultate, atstatomos apsaugin\u0117s veido odos funkcijos, oda tampa puikiai sudr\u0117kinta, stangresn\u0117, lygesn\u0117<em>, <\/em>skaistesn\u0117.\u00a0<\/span><br \/>\n<strong>Veiklieji komponentai: <\/strong>Alpi\u0173 ro\u017ei\u0173 kamienini\u0173 l\u0105steli\u0173 ekstraktas, Edelveiso ekstraktas, Ro\u017ei\u0173 damasko hidrolatas, Balt\u0173j\u0173 lubin\u0173 ekstraktas, Hialurono r\u016bg\u0161tis (ma\u017eos ir didel\u0117s molekulin\u0117s mas\u0117s), Makadamij\u0173 rie\u0161ut\u0173 aliejus,<br \/>\nTaukmed\u017eio sviestas, Silicio dioksidas.<br \/>\n<strong>Naudojimas: <\/strong>\u012ela\u0161inkite 2-3 la\u0161us \u012f deln\u0105 ir ryte ir vakare tepkite ant \u0161varios veido, kaklo ir dekolt\u0117 srities. Leiskite \u0161iek tiek \u012fsigerti, jei reikia, patepkite \u012fprastu\u00a0 odos prie\u017ei\u016bros kremu.<br \/>\n<strong>Patarimas:<\/strong> vasar\u0105 jis gali b\u016bti naudojamas kaip pagrindin\u0117 prie\u017ei\u016bros priemon\u0117.<\/p>\n","protected":false},"excerpt":{"rendered":"<p>\u0160velnus, stangrinamasis, greitai \u012fsigeriantis serumas <span class=\"WdYUQQ\">su hialurono r\u016bg\u0161timi, Damasko ir Alpi\u0173 ro\u017ei\u0173 ekstraktu<\/span> padeda kovoti su odos sen\u0117jimo po\u017eymiais, i\u0161saus\u0117jimu ir bly\u0161kumu.<\/p>\n","protected":false},"featured_media":2143,"template":"","meta":[],"product_cat":[34,117,98,35],"product_tag":[],"_links":{"self":[{"href":"https:\/\/janssencosmetics.lt\/en\/wp-json\/wp\/v2\/product\/2139"}],"collection":[{"href":"https:\/\/janssencosmetics.lt\/en\/wp-json\/wp\/v2\/product"}],"about":[{"href":"https:\/\/janssencosmetics.lt\/en\/wp-json\/wp\/v2\/types\/product"}],"wp:featuredmedia":[{"embeddable":true,"href":"https:\/\/janssencosmetics.lt\/en\/wp-json\/wp\/v2\/media\/2143"}],"wp:attachment":[{"href":"https:\/\/janssencosmetics.lt\/en\/wp-json\/wp\/v2\/media?parent=2139"}],"wp:term":[{"taxonomy":"product_cat","embeddable":true,"href":"https:\/\/janssencosmetics.lt\/en\/wp-json\/wp\/v2\/product_cat?post=2139"},{"taxonomy":"product_tag","embeddable":true,"href":"https:\/\/janssencosmetics.lt\/en\/wp-json\/wp\/v2\/product_tag?post=2139"}],"curies":[{"name":"wp","href":"https:\/\/api.w.org\/{rel}","templated":true}]}}