{"id":1786,"date":"2023-03-21T13:51:18","date_gmt":"2023-03-21T13:51:18","guid":{"rendered":"https:\/\/janssencosmetics.lt\/?post_type=product&#038;p=1786"},"modified":"2023-05-03T13:57:36","modified_gmt":"2023-05-03T13:57:36","slug":"dovanu-dezute-baltavnt","status":"publish","type":"product","link":"https:\/\/janssencosmetics.lt\/en\/produktas\/dovanu-dezute-baltavnt\/","title":{"rendered":"Dovan\u0173 d\u0117\u017eut\u0117(su balta juostele),vnt."},"content":{"rendered":"<p>I\u0161skirtin\u0119\u00a0dovan\u0105\u00a0galite\u00a0susikurti patys i\u0161 elektronin\u0117je parduotuv\u0117je esan\u010di\u0173 kosmetikos produkt\u0173.<\/p>\n","protected":false},"excerpt":{"rendered":"<p><em>Susikurk dovan\u0105 pats!<\/em><\/p>\n","protected":false},"featured_media":1792,"template":"","meta":[],"product_cat":[42],"product_tag":[],"_links":{"self":[{"href":"https:\/\/janssencosmetics.lt\/en\/wp-json\/wp\/v2\/product\/1786"}],"collection":[{"href":"https:\/\/janssencosmetics.lt\/en\/wp-json\/wp\/v2\/product"}],"about":[{"href":"https:\/\/janssencosmetics.lt\/en\/wp-json\/wp\/v2\/types\/product"}],"wp:featuredmedia":[{"embeddable":true,"href":"https:\/\/janssencosmetics.lt\/en\/wp-json\/wp\/v2\/media\/1792"}],"wp:attachment":[{"href":"https:\/\/janssencosmetics.lt\/en\/wp-json\/wp\/v2\/media?parent=1786"}],"wp:term":[{"taxonomy":"product_cat","embeddable":true,"href":"https:\/\/janssencosmetics.lt\/en\/wp-json\/wp\/v2\/product_cat?post=1786"},{"taxonomy":"product_tag","embeddable":true,"href":"https:\/\/janssencosmetics.lt\/en\/wp-json\/wp\/v2\/product_tag?post=1786"}],"curies":[{"name":"wp","href":"https:\/\/api.w.org\/{rel}","templated":true}]}}