{"id":1706,"date":"2023-03-09T14:58:40","date_gmt":"2023-03-09T14:58:40","guid":{"rendered":"https:\/\/janssencosmetics.lt\/?post_type=product&#038;p=1706"},"modified":"2023-04-19T11:16:14","modified_gmt":"2023-04-19T11:16:14","slug":"kosmetine-rozines-spalvosvnt","status":"publish","type":"product","link":"https:\/\/janssencosmetics.lt\/en\/produktas\/kosmetine-rozines-spalvosvnt\/","title":{"rendered":"Kosmetin\u0117 (Ro\u017ein\u0117s spalvos),vnt."},"content":{"rendered":"","protected":false},"excerpt":{"rendered":"<p>Cosmetic bag pink JANSSEN COSMETICS<\/p>\n","protected":false},"featured_media":1707,"template":"","meta":[],"product_cat":[42],"product_tag":[],"_links":{"self":[{"href":"https:\/\/janssencosmetics.lt\/en\/wp-json\/wp\/v2\/product\/1706"}],"collection":[{"href":"https:\/\/janssencosmetics.lt\/en\/wp-json\/wp\/v2\/product"}],"about":[{"href":"https:\/\/janssencosmetics.lt\/en\/wp-json\/wp\/v2\/types\/product"}],"wp:featuredmedia":[{"embeddable":true,"href":"https:\/\/janssencosmetics.lt\/en\/wp-json\/wp\/v2\/media\/1707"}],"wp:attachment":[{"href":"https:\/\/janssencosmetics.lt\/en\/wp-json\/wp\/v2\/media?parent=1706"}],"wp:term":[{"taxonomy":"product_cat","embeddable":true,"href":"https:\/\/janssencosmetics.lt\/en\/wp-json\/wp\/v2\/product_cat?post=1706"},{"taxonomy":"product_tag","embeddable":true,"href":"https:\/\/janssencosmetics.lt\/en\/wp-json\/wp\/v2\/product_tag?post=1706"}],"curies":[{"name":"wp","href":"https:\/\/api.w.org\/{rel}","templated":true}]}}