{"id":1689,"date":"2023-03-09T12:58:38","date_gmt":"2023-03-09T12:58:38","guid":{"rendered":"https:\/\/janssencosmetics.lt\/?post_type=product&#038;p=1689"},"modified":"2026-01-20T13:56:02","modified_gmt":"2026-01-20T13:56:02","slug":"koncentratas-lasteliu-regeneracijai-7x2ml","status":"publish","type":"product","link":"https:\/\/janssencosmetics.lt\/en\/produktas\/koncentratas-lasteliu-regeneracijai-7x2ml\/","title":{"rendered":"Koncentratas l\u0105steli\u0173 regeneracijai, 7x2ml -30%!"},"content":{"rendered":"<p>Stem Cell Fluid\u00a0 Obuoli\u0173 kamienini\u0173 l\u0105steli\u0173 ir hialurono r\u016bg\u0161ties ilgosios ir trumposios grandin\u0117s d\u0117ka, \u0161is koncentratas jaunina od\u0105 l\u0105steli\u0173 lygyje, i\u0161 vidaus lygina rauk\u0161les, dr\u0117kina bei suteikia odai stangrumo ir gaivumo.<br \/>\n<strong>Veiklieji komponentai:<\/strong> obuoli\u0173 kamienini\u0173 l\u0105steli\u0173 ekstraktas, ilgosios ir trumposios grandin\u0117s hialurono r\u016bg\u0161tis.<br \/>\n<strong>Naudojimas:<\/strong>\u00a0Prilaikant servet\u0117le nulau\u017eyti ampul\u0117s galvut\u0119, i\u0161pilti ampul\u0117s turin\u012f ant rankos ir paskirstyti ant odos. Venkite zonos aplink akis. Kasdien, ryte arba vakare paskirstykite ant nuvalytos veido, kaklo ir i\u0161kirpt\u0117s srities odos. Kursas yra kasdien, 7 dienas. Intensyvus kursas \u2013 28 dienos. Naudoti tik i\u0161ori\u0161kai.<\/p>\n<p>Galiojimo laikas: 2026.12<\/p>\n","protected":false},"excerpt":{"rendered":"<p>Atjaunina od\u0105 l\u0105steli\u0173 lygmenyje, intensyviai dr\u0117kina, suteikia elastingumo.<\/p>\n","protected":false},"featured_media":1692,"template":"","meta":[],"product_cat":[38,117],"product_tag":[],"_links":{"self":[{"href":"https:\/\/janssencosmetics.lt\/en\/wp-json\/wp\/v2\/product\/1689"}],"collection":[{"href":"https:\/\/janssencosmetics.lt\/en\/wp-json\/wp\/v2\/product"}],"about":[{"href":"https:\/\/janssencosmetics.lt\/en\/wp-json\/wp\/v2\/types\/product"}],"wp:featuredmedia":[{"embeddable":true,"href":"https:\/\/janssencosmetics.lt\/en\/wp-json\/wp\/v2\/media\/1692"}],"wp:attachment":[{"href":"https:\/\/janssencosmetics.lt\/en\/wp-json\/wp\/v2\/media?parent=1689"}],"wp:term":[{"taxonomy":"product_cat","embeddable":true,"href":"https:\/\/janssencosmetics.lt\/en\/wp-json\/wp\/v2\/product_cat?post=1689"},{"taxonomy":"product_tag","embeddable":true,"href":"https:\/\/janssencosmetics.lt\/en\/wp-json\/wp\/v2\/product_tag?post=1689"}],"curies":[{"name":"wp","href":"https:\/\/api.w.org\/{rel}","templated":true}]}}