{"id":1674,"date":"2023-03-08T14:10:54","date_gmt":"2023-03-08T14:10:54","guid":{"rendered":"https:\/\/janssencosmetics.lt\/?post_type=product&#038;p=1674"},"modified":"2026-01-20T13:51:28","modified_gmt":"2026-01-20T13:51:28","slug":"drekinantcios-liftingo-efekta-suteikiancios-paakiu-pagalveles-su-hialuronu-kompl-3x2","status":"publish","type":"product","link":"https:\/\/janssencosmetics.lt\/en\/produktas\/drekinantcios-liftingo-efekta-suteikiancios-paakiu-pagalveles-su-hialuronu-kompl-3x2\/","title":{"rendered":"Dr\u0117kinan\u010dios, liftingo efekt\u0105 suteikian\u010dios paaki\u0173 pagalv\u0117l\u0117s su hialuronu, komplektas"},"content":{"rendered":"<p><span class=\"jCAhz ChMk0b\"><span class=\"ryNqvb\">3 x 2vnt. <\/span><\/span><span class=\"jCAhz ChMk0b\"><span class=\"ryNqvb\">Hydrogel Mask Eye sud\u0117tyje yra peptid\u0173 komplekso EYELISSTM, kuris stiprina odos kapiliarus, padeda pa\u0161viesinti tamsius ratilus po akimis, taip pat stimuliuoja limfos tek\u0117jim\u0105 periorbitalin\u0117je zonoje,<\/span><\/span> ma\u017eina\u00a0aki\u0173 srities\u00a0patinim\u0105.<br \/>\n<strong>Veiklieji komponentai:<\/strong> Ilg\u0173j\u0173 ir trump\u0173j\u0173 grandini\u0173 hialurono r\u016bg\u0161tis, <span class=\"jCAhz ChMk0b\"><span class=\"ryNqvb\">Acmella oleracea ekstraktas, augalin\u0117<\/span><\/span><span class=\"jCAhz ChMk0b\"><span class=\"ryNqvb\"> hialurono r\u016bg\u0161tys (Tremella fuciformis ekstraktas), <\/span><\/span><span class=\"jCAhz ChMk0b\"><span class=\"ryNqvb\">Sacharido izomeratas,<\/span><\/span> k<span class=\"jCAhz ChMk0b\"><span class=\"ryNqvb\">ofeinas.<\/span><\/span><br \/>\n<strong>Naudojimas:<\/strong>Naudoti ryte ir vakare. Galite nauduoti at\u0161aldyt\u0105.<\/p>\n","protected":false},"excerpt":{"rendered":"<p><span class=\"jCAhz ChMk0b\"><span class=\"ryNqvb\">Gaivinan\u010dios aki\u0173 pagalv\u0117l\u0117s \u2013 nepamainoma greitoji subtilios periorbitalin\u0117s srities prie\u017ei\u016bra, kuri akimirksniu sudr\u0117kina, nuramina od\u0105 ir i\u0161lygina rauk\u0161les, panaikindama \u201epavargusi\u0173 aki\u0173\u201c po\u017eymius.<\/span><\/span><\/p>\n","protected":false},"featured_media":3019,"template":"","meta":[],"product_cat":[34,98],"product_tag":[241],"_links":{"self":[{"href":"https:\/\/janssencosmetics.lt\/en\/wp-json\/wp\/v2\/product\/1674"}],"collection":[{"href":"https:\/\/janssencosmetics.lt\/en\/wp-json\/wp\/v2\/product"}],"about":[{"href":"https:\/\/janssencosmetics.lt\/en\/wp-json\/wp\/v2\/types\/product"}],"wp:featuredmedia":[{"embeddable":true,"href":"https:\/\/janssencosmetics.lt\/en\/wp-json\/wp\/v2\/media\/3019"}],"wp:attachment":[{"href":"https:\/\/janssencosmetics.lt\/en\/wp-json\/wp\/v2\/media?parent=1674"}],"wp:term":[{"taxonomy":"product_cat","embeddable":true,"href":"https:\/\/janssencosmetics.lt\/en\/wp-json\/wp\/v2\/product_cat?post=1674"},{"taxonomy":"product_tag","embeddable":true,"href":"https:\/\/janssencosmetics.lt\/en\/wp-json\/wp\/v2\/product_tag?post=1674"}],"curies":[{"name":"wp","href":"https:\/\/api.w.org\/{rel}","templated":true}]}}