{"id":1669,"date":"2023-03-08T12:13:29","date_gmt":"2023-03-08T12:13:29","guid":{"rendered":"https:\/\/janssencosmetics.lt\/?post_type=product&#038;p=1669"},"modified":"2024-05-20T04:49:34","modified_gmt":"2024-05-20T04:49:34","slug":"komplektas-su-vitaminu-c-kremas-koncentratas-new-50ml30ml","status":"publish","type":"product","link":"https:\/\/janssencosmetics.lt\/en\/produktas\/komplektas-su-vitaminu-c-kremas-koncentratas-new-50ml30ml\/","title":{"rendered":"Komplektas su vitaminu C (kremas + koncentratas) NEW! 50ml+30ml"},"content":{"rendered":"<p><span class=\"jCAhz ChMk0b\"><span class=\"ryNqvb\"><strong>VITAFORCE C-DUO<\/strong> \u2013 Auk\u0161tos kokyb\u0117s dovan\u0173 d\u0117\u017eut\u0117, kurioje yra dvi specialios riboto leidimo Demanding Skin odos prie\u017ei\u016bros priemon\u0117s: Vitaforce C kremas (Ref: 0022) 50 ml ir Vitaforce C Skin Complex (Ref: 0031) 30 ml.<\/span><\/span><br \/>\n<strong>1.Vitafor C Skin Complex &#8211; Regeneruojantis koncentratas su vit.C\u00a0\u00a0\u00a0 \u00a0\u00a0<\/strong><br \/>\nU\u017ekerta keli\u0105 prie\u0161laikinio kolageno skaidul\u0173 irimui ir odos sen\u0117jimui, stimuliuoja \u00a0l\u0105steli\u0173 regeneracij\u0105, kolageno ir elastino gamyb\u0105. Vitaminas C pasi\u017eymi \u00a0antioksidacin\u0117mis savyb\u0117mis, normalizuoja od\u0105, stiprina jos gynybines savybes. D\u0117l sud\u0117tyje esan\u010dios hialurono r\u016bg\u0161ties, <strong>\u00a0<\/strong>atkuriamas odos turgoras, i\u0161laikomas maksimalaus dr\u0117gm\u0117s lygis odoje, i\u0161lyginamos\u00a0 rauk\u0161leles.<br \/>\n<strong>Veiklieji komponentai: <\/strong>vitaminas C, hialurono r\u016bg\u0161tis.<br \/>\n<strong>Naudojimas: <\/strong>naudojamas kursu. 2-3 produkto paspaudimus tepti ant \u0161varios veido odos ryte ir\/ar vakare prie\u0161 krem\u0105.<strong> \u00a0\u00a0\u00a0\u00a0\u00a0\u00a0\u00a0\u00a0\u00a0\u00a0\u00a0\u00a0\u00a0\u00a0\u00a0 \u00a0\u00a0\u00a0\u00a0\u00a0\u00a0\u00a0\u00a0\u00a0\u00a0\u00a0\u00a0\u00a0\u00a0\u00a0\u00a0\u00a0 <\/strong><\/p>\n<p><strong>2.Vitaforce C Cream \u2013 Regeneruojantis kremas su vitaminu C<br \/>\n<\/strong>Kremas su veiksmingomis veikliosiomis med\u017eiagomis skirtas kovoti su pirmaisiais sen\u0117jimo po\u017eymiais: rauk\u0161l\u0117s,turgoro praradimas,pigmentacija. Vitaforce C kremas atgaivina, i\u0161lygina odos ton\u0105 ir suteikia odai skaistumo. Neutralizuoja laisvuosius\u00a0 radikalus, apsaugo nuo prie\u0161laikinio odos sen\u0117jimo bei stimuliuoja kolageno ir elastino sintez\u0119.<strong><br \/>\nVeiklieji komponentai: <\/strong>saul\u0117gr\u0105\u017e\u0173 aliejus, kokos\u0173 aliejaus, taukmed\u017eio aliejus,citrin\u0173 ekstraktas\u00a0 hialurono r\u016bg\u0161tis, vitamino E acetatas, vitaminas C fosfatas.<strong><br \/>\nNaudojimas: <\/strong>tepti ant \u0161varios veido odos ryte ir\/ar vakare.<\/p>\n","protected":false},"excerpt":{"rendered":"<p><span class=\"jCAhz ChMk0b\"><span class=\"ryNqvb\">\u0160is itin efektyvus duetas \u017eymiai pagerina reiklios odos \u0161vyt\u0117jim\u0105 ir neutralizuoja pirmuosius sen\u0117jimo po\u017eymius.<\/span><\/span><\/p>\n","protected":false},"featured_media":1670,"template":"","meta":[],"product_cat":[98,24,97],"product_tag":[],"_links":{"self":[{"href":"https:\/\/janssencosmetics.lt\/en\/wp-json\/wp\/v2\/product\/1669"}],"collection":[{"href":"https:\/\/janssencosmetics.lt\/en\/wp-json\/wp\/v2\/product"}],"about":[{"href":"https:\/\/janssencosmetics.lt\/en\/wp-json\/wp\/v2\/types\/product"}],"wp:featuredmedia":[{"embeddable":true,"href":"https:\/\/janssencosmetics.lt\/en\/wp-json\/wp\/v2\/media\/1670"}],"wp:attachment":[{"href":"https:\/\/janssencosmetics.lt\/en\/wp-json\/wp\/v2\/media?parent=1669"}],"wp:term":[{"taxonomy":"product_cat","embeddable":true,"href":"https:\/\/janssencosmetics.lt\/en\/wp-json\/wp\/v2\/product_cat?post=1669"},{"taxonomy":"product_tag","embeddable":true,"href":"https:\/\/janssencosmetics.lt\/en\/wp-json\/wp\/v2\/product_tag?post=1669"}],"curies":[{"name":"wp","href":"https:\/\/api.w.org\/{rel}","templated":true}]}}