{"id":1608,"date":"2023-02-22T14:37:22","date_gmt":"2023-02-22T14:37:22","guid":{"rendered":"https:\/\/janssencosmetics.lt\/?post_type=product&#038;p=1608"},"modified":"2026-03-04T11:22:14","modified_gmt":"2026-03-04T11:22:14","slug":"modeliuojantis-kuno-kremas-prieziura-nuo-celiulito-new","status":"publish","type":"product","link":"https:\/\/janssencosmetics.lt\/en\/produktas\/modeliuojantis-kuno-kremas-prieziura-nuo-celiulito-new\/","title":{"rendered":"Modeliuojantis anticeliulitinis k\u016bno kremas 150ml  -40%"},"content":{"rendered":"<p><span class=\"jCAhz ChMk0b\"><span class=\"ryNqvb\">Silhouette Contouring\u00a0 kremas i<\/span><\/span><span class=\"jCAhz ChMk0b\"><span class=\"ryNqvb\">\u0161lygina \u201eapelsino \u017eievel\u0119\u201c ir pastebimai stangrina od\u0105 problemin\u0117se vietose.<\/span><\/span> <span class=\"jCAhz ChMk0b\"><span class=\"ryNqvb\">Kremas sodrios tekst\u016bros, puikiai pasiskirsto ir susigeria, dr\u0117kina ir mink\u0161tina od\u0105, ma\u017eina patinim\u0105, gerina mikrocirkuliacij\u0105 ir \u00a0stiprina kraujagysles. <\/span><\/span><span class=\"jCAhz ChMk0b\"><span class=\"ryNqvb\">I\u0161kart po panaudojimo oda tampa lygesn\u0117, elastingesn\u0117 ir stangresn\u0117.\u00a0<\/span><\/span><br \/>\n<strong>Veikliosios med\u017eiagos:<\/strong> Guarana ekstraktas, Kofeinas, Laminaria ekstraktas, Geben\u0117s Ekstraktas, Dirvinio asi\u016bklio ekstraktas,Taukmed\u017eio sviestas.<br \/>\n<strong>Naudojimas:<\/strong>\u00a0 <span class=\"jCAhz ChMk0b\"><span class=\"ryNqvb\">Ryte ir vakare, nusipraus\u0119 po du\u0161u energingais masa\u017euojamaisiais judesiais tepkite problemines vietas (\u0161launis, pilv\u0105 s\u0117dmenis) Silhouette Contouring\u00a0 kremu.<\/span><\/span> <span class=\"jCAhz ChMk0b\"><span class=\"ryNqvb\">Jis neturi ry\u0161kaus \u0161ildan\u010dio poveikio, tod\u0117l kovojant su celiulitu gali b\u016bti naudojamas i\u0161tisus metus, taip pat ir po Body Contour Booster kurso.\u00a0 <\/span><\/span>Silueto kont\u016brin\u012f krem\u0105 galima naudoti ryte ir vakar\u0435.<\/p>\n","protected":false},"excerpt":{"rendered":"<p><span class=\"jCAhz ChMk0b\"><span class=\"ryNqvb\">Stangrinamasis kremas su modeliuojan\u010diu poveikiu pagerina k\u016bno kont\u016brus, ma\u017eina celiulito atsiradim\u0105 ir u\u017etikrina jo prevencij\u0105.<\/span><\/span><\/p>\n<p>Galiojimo laikas: 2026.04<\/p>\n","protected":false},"featured_media":1611,"template":"","meta":[],"product_cat":[41,62,25,63,98],"product_tag":[],"_links":{"self":[{"href":"https:\/\/janssencosmetics.lt\/en\/wp-json\/wp\/v2\/product\/1608"}],"collection":[{"href":"https:\/\/janssencosmetics.lt\/en\/wp-json\/wp\/v2\/product"}],"about":[{"href":"https:\/\/janssencosmetics.lt\/en\/wp-json\/wp\/v2\/types\/product"}],"wp:featuredmedia":[{"embeddable":true,"href":"https:\/\/janssencosmetics.lt\/en\/wp-json\/wp\/v2\/media\/1611"}],"wp:attachment":[{"href":"https:\/\/janssencosmetics.lt\/en\/wp-json\/wp\/v2\/media?parent=1608"}],"wp:term":[{"taxonomy":"product_cat","embeddable":true,"href":"https:\/\/janssencosmetics.lt\/en\/wp-json\/wp\/v2\/product_cat?post=1608"},{"taxonomy":"product_tag","embeddable":true,"href":"https:\/\/janssencosmetics.lt\/en\/wp-json\/wp\/v2\/product_tag?post=1608"}],"curies":[{"name":"wp","href":"https:\/\/api.w.org\/{rel}","templated":true}]}}