{"id":1604,"date":"2023-02-22T13:49:40","date_gmt":"2023-02-22T13:49:40","guid":{"rendered":"https:\/\/janssencosmetics.lt\/?post_type=product&#038;p=1604"},"modified":"2026-01-16T13:17:13","modified_gmt":"2026-01-16T13:17:13","slug":"termoaktyvus-gelis-intensyviai-prieziurai-nuo-celiulito-new","status":"publish","type":"product","link":"https:\/\/janssencosmetics.lt\/en\/produktas\/termoaktyvus-gelis-intensyviai-prieziurai-nuo-celiulito-new\/","title":{"rendered":"Termoaktyvus gelis intensyviai prie\u017ei\u016brai nuo celiulito NEW! 150ml  -20%"},"content":{"rendered":"<p>Inovatyvus Cellu-Slim Complex leid\u017eia greitai pasiekti matom\u0173 rezultat\u0173 k\u016bno formavimo programose. Neleid\u017eia kauptis riebalams l\u0105stel\u0117se, aktyvina med\u017eiag\u0173 apykait\u0105, stiprina kraujagysles, naikina matomas celiulito po\u017eymius, padeda suma\u017einti k\u016bno apimti, tonizuoja ir gaivina od\u0105. \u0160ildantis komponentas sustiprina efekt\u0105.<strong> \u00a0<\/strong>Anticeliulitinis gelis yra lengvos tekst\u016bros, greitai susigeria. Rekomenduojama naudoti kaip vakarin\u0119 k\u016bno odos prie\u017ei\u016br\u0105. Profesionalioje proced\u016broje anticeliulitinis gelis gali b\u016bti naudojamas kaip savaranki\u0161kas \u012fvyniojimas.<strong><br \/>\n<strong>Veikliosios med\u017eiagos:<\/strong><\/strong> Cellu-Slim kompleksas, avokad\u0173 aliejus, vanililo butilo eteris, mentolis.<strong><strong><br \/>\n<strong>Naudojimas:<\/strong><\/strong><\/strong>U\u017etepkite Body Contour Booster problemines vietas po gilaus valymo Oxygenating Body Scrub ir \u012fmasa\u017euokite. Atskirose zonose galite atlikti \u201e\u017eiupsneli\u0173\u201c masa\u017e\u0105, pradedant nuo keli\u0173 ir judant auk\u0161tyn i\u0161ilgai \u0161laun\u0173 iki s\u0117dmen\u0173.<\/p>\n","protected":false},"excerpt":{"rendered":"<p>Body Contour Booster yra termoaktyvus gelis, skirtas kovoti su celiulitu ir vietin\u0117mis riebal\u0173 sankaupomis.<\/p>\n<p>&nbsp;<\/p>\n","protected":false},"featured_media":1605,"template":"","meta":[],"product_cat":[41,62,25,63,98],"product_tag":[236],"_links":{"self":[{"href":"https:\/\/janssencosmetics.lt\/en\/wp-json\/wp\/v2\/product\/1604"}],"collection":[{"href":"https:\/\/janssencosmetics.lt\/en\/wp-json\/wp\/v2\/product"}],"about":[{"href":"https:\/\/janssencosmetics.lt\/en\/wp-json\/wp\/v2\/types\/product"}],"wp:featuredmedia":[{"embeddable":true,"href":"https:\/\/janssencosmetics.lt\/en\/wp-json\/wp\/v2\/media\/1605"}],"wp:attachment":[{"href":"https:\/\/janssencosmetics.lt\/en\/wp-json\/wp\/v2\/media?parent=1604"}],"wp:term":[{"taxonomy":"product_cat","embeddable":true,"href":"https:\/\/janssencosmetics.lt\/en\/wp-json\/wp\/v2\/product_cat?post=1604"},{"taxonomy":"product_tag","embeddable":true,"href":"https:\/\/janssencosmetics.lt\/en\/wp-json\/wp\/v2\/product_tag?post=1604"}],"curies":[{"name":"wp","href":"https:\/\/api.w.org\/{rel}","templated":true}]}}