{"id":1600,"date":"2023-02-22T12:38:44","date_gmt":"2023-02-22T12:38:44","guid":{"rendered":"https:\/\/janssencosmetics.lt\/?post_type=product&#038;p=1600"},"modified":"2026-04-26T05:33:27","modified_gmt":"2026-04-26T05:33:27","slug":"stangrinantis-krutines-serumas","status":"publish","type":"product","link":"https:\/\/janssencosmetics.lt\/en\/produktas\/stangrinantis-krutines-serumas\/","title":{"rendered":"Stangrinantis kr\u016btin\u0117s serumas NEW! 75ml -20%"},"content":{"rendered":"<p>Perfect Bust Formula padeda atkurti ir i\u0161laikyti kr\u016btin\u0117s stangrum\u0105 kei\u010diantis svoriui, n\u0117\u0161tumo ar \u017eindymo laikotarpiu. Kr\u016btin\u0119 pakelian\u010diame serume yra labai koncentruotas Perfect bust kompleksas. Nor\u0117dami pasiekti geriausi\u0173 ir ilgalaiki\u0173 rezultat\u0173, naudokite Perfect Bust Formula kasdien. Serumas Perfect Bust Formula susigeria akimirksniu ir nepalieka liku\u010di\u0173 ant drabu\u017ei\u0173. Skatina riebal\u0173 nus\u0117dim\u0105 biusto audiniuose, padeda padidinti j\u0173 apimt\u012f, i\u0161lygina ir stangrina od\u0105. Intensyviai dr\u0117kina, suteikia \u0161velnumo ir \u0161ilkinio glotnumo poj\u016bt\u012f.<br \/>\n<strong>Veikliosios med\u017eiagos: <\/strong>Svaraini\u0173 s\u0117klos, \u017eali\u0173j\u0173 dumbli\u0173 chlorel\u0117s biofermentai, mangostano \u017eievel\u0117s ekstraktas, ESP peptidai, trumpos grandin\u0117s hialurono r\u016bg\u0161tis,ilgos grandin\u0117s hialurono r\u016bg\u0161tis, makadamij\u0173 rie\u0161ut\u0173 aliejus.<strong><br \/>\nNaudojimas:<\/strong>Kasdien lengvais masa\u017eo judesiais tepkite kr\u016btin\u0117s ir dekolt\u0117 od\u0105.<strong><br \/>\n<\/strong><\/p>\n<p>Galiojimas iki 2026.09<\/p>\n","protected":false},"excerpt":{"rendered":"<p>Perfect Bust Formula\u00a0serumas turi galing\u0105 liftingo efekt\u0105, padaro od\u0105 akivaizd\u017eiai stangresn\u0119.<\/p>\n","protected":false},"featured_media":1601,"template":"","meta":[],"product_cat":[41,117,62,25,63,98],"product_tag":[],"_links":{"self":[{"href":"https:\/\/janssencosmetics.lt\/en\/wp-json\/wp\/v2\/product\/1600"}],"collection":[{"href":"https:\/\/janssencosmetics.lt\/en\/wp-json\/wp\/v2\/product"}],"about":[{"href":"https:\/\/janssencosmetics.lt\/en\/wp-json\/wp\/v2\/types\/product"}],"wp:featuredmedia":[{"embeddable":true,"href":"https:\/\/janssencosmetics.lt\/en\/wp-json\/wp\/v2\/media\/1601"}],"wp:attachment":[{"href":"https:\/\/janssencosmetics.lt\/en\/wp-json\/wp\/v2\/media?parent=1600"}],"wp:term":[{"taxonomy":"product_cat","embeddable":true,"href":"https:\/\/janssencosmetics.lt\/en\/wp-json\/wp\/v2\/product_cat?post=1600"},{"taxonomy":"product_tag","embeddable":true,"href":"https:\/\/janssencosmetics.lt\/en\/wp-json\/wp\/v2\/product_tag?post=1600"}],"curies":[{"name":"wp","href":"https:\/\/api.w.org\/{rel}","templated":true}]}}