{"id":1597,"date":"2023-02-22T08:20:01","date_gmt":"2023-02-22T08:20:01","guid":{"rendered":"https:\/\/janssencosmetics.lt\/?post_type=product&#038;p=1597"},"modified":"2026-01-03T09:13:37","modified_gmt":"2026-01-03T09:13:37","slug":"24h-drekinantis-kremas-kunui-su-hialurono-rugstimi-new","status":"publish","type":"product","link":"https:\/\/janssencosmetics.lt\/en\/produktas\/24h-drekinantis-kremas-kunui-su-hialurono-rugstimi-new\/","title":{"rendered":"24h dr\u0117kinantis kremas k\u016bnui su hialurono r\u016bg\u0161timi 250ml"},"content":{"rendered":"<p>\u0160is maloniai kvepiantis k\u016bno losjonas su hialurono r\u016bg\u0161timi, taukmed\u017eio sviestu ir juod\u0173j\u0173 orchid\u0117j\u0173 ekstraktu lepina od\u0105 ilgai i\u0161liekan\u010dia dr\u0117gme ir daro j\u0105 nuostabiai \u0161velni\u0105. Malonaus kvapo k\u016bno losjonas, pagamintas i\u0161 hialurono r\u016bg\u0161ties, taukmed\u017eio sviesto ir juodosios orchid\u0117j\u0173 ekstrakto, kuris lepina od\u0105 ilgai i\u0161liekan\u010dia dr\u0117gme. Po du\u0161o ar vonios patepkite od\u0105 24h Body Moisturizer ir \u0161velniais sukamaisiais judesiais \u012fmasa\u017euokite.<br \/>\n<strong>Veikliosios med\u017eiagos:<\/strong> Juodosios orchid\u0117j\u0173 ekstraktas, Aquaderm\u00ae, Hialurono r\u016bg\u0161tis, Taukmed\u017eio sviestas,Alantoinas.<br \/>\n<strong>Naudojimas:<\/strong> 24h Body Moisturizer tepkite od\u0105 po du\u0161o ar vonios, \u0161velniai masa\u017euodami.<\/p>\n","protected":false},"excerpt":{"rendered":"<p>Kasdienis k\u016bno losjonas akimirksniu atkuria dr\u0117gm\u0117s pusiausvyr\u0105 ir i\u0161laiko j\u0105 24 val. Suteikia odai mink\u0161tumo, \u0161velnumo ir aksomo lygumo.<\/p>\n<p>Galiojimo laikas: iki 2026.02<\/p>\n","protected":false},"featured_media":1598,"template":"","meta":[],"product_cat":[41,62,25,63,98],"product_tag":[],"_links":{"self":[{"href":"https:\/\/janssencosmetics.lt\/en\/wp-json\/wp\/v2\/product\/1597"}],"collection":[{"href":"https:\/\/janssencosmetics.lt\/en\/wp-json\/wp\/v2\/product"}],"about":[{"href":"https:\/\/janssencosmetics.lt\/en\/wp-json\/wp\/v2\/types\/product"}],"wp:featuredmedia":[{"embeddable":true,"href":"https:\/\/janssencosmetics.lt\/en\/wp-json\/wp\/v2\/media\/1598"}],"wp:attachment":[{"href":"https:\/\/janssencosmetics.lt\/en\/wp-json\/wp\/v2\/media?parent=1597"}],"wp:term":[{"taxonomy":"product_cat","embeddable":true,"href":"https:\/\/janssencosmetics.lt\/en\/wp-json\/wp\/v2\/product_cat?post=1597"},{"taxonomy":"product_tag","embeddable":true,"href":"https:\/\/janssencosmetics.lt\/en\/wp-json\/wp\/v2\/product_tag?post=1597"}],"curies":[{"name":"wp","href":"https:\/\/api.w.org\/{rel}","templated":true}]}}