{"id":1593,"date":"2023-02-21T15:01:02","date_gmt":"2023-02-21T15:01:02","guid":{"rendered":"https:\/\/janssencosmetics.lt\/?post_type=product&#038;p=1593"},"modified":"2025-09-29T12:11:55","modified_gmt":"2025-09-29T12:11:55","slug":"maitinamasis-kremas-su-vitaminais-ace","status":"publish","type":"product","link":"https:\/\/janssencosmetics.lt\/en\/produktas\/maitinamasis-kremas-su-vitaminais-ace\/","title":{"rendered":"Maitinamasis kremas su vitaminais A,C,E, 75ml -30%"},"content":{"rendered":"<p>Naujasis k\u016bno kremas Vitaforce ACE Body Cream su \u0161ilkine tekst\u016bra, praturtintas trimis gyvybi\u0161kai svarbiais vitaminais &#8211; A, C ir E. Intensyviai dr\u0117kina, mink\u0161tina, i\u0161lygina odos atspalv\u012f,suteikia l\u0105stel\u0117ms antioksidacin\u0119 apsaug\u0105. Turi malon\u0173 aromat\u0105.<br \/>\nKremas \u2013 tikras vitamin\u0173 kokteilis vis\u0173 tip\u0173 odai!<br \/>\n<strong>Veikliosios med\u017eiagos:<\/strong> Vitamino A palmitatas, natrio askorbilo fosfatas, Vitamino E acetatas,Taukmed\u017eio sviestas, Ilgos grandin\u0117s hialurono r\u016bg\u0161tis, Pentavitin.<br \/>\n<strong>Naudojimas:<\/strong> \u012emasa\u017euokite Vitaforce ACE k\u016bno krem\u0105 \u012f od\u0105 po du\u0161o.<\/p>\n<p>Galiojimas iki 2025.09.<\/p>\n","protected":false},"excerpt":{"rendered":"<p>Naujasis k\u016bno kremas Vitaforce ACE Body Cream su \u0161ilkine tekst\u016bra, praturtintas trimis gyvybi\u0161kai svarbiais vitaminais &#8211; A, C ir E. Intensyviai dr\u0117kina, mink\u0161tina, i\u0161lygina odos atspalv\u012f,suteikia l\u0105stel\u0117ms antioksidacin\u0119 apsaug\u0105. Turi malon\u0173 aromat\u0105. Kremas \u2013 tikras vitamin\u0173 kokteilis vis\u0173 tip\u0173 odai! Veikliosios med\u017eiagos: Vitamino A palmitatas, natrio askorbilo fosfatas, Vitamino E acetatas,Taukmed\u017eio sviestas, Ilgos grandin\u0117s hialurono [&hellip;]<\/p>\n","protected":false},"featured_media":3241,"template":"","meta":[],"product_cat":[41,62,25,63,98],"product_tag":[],"_links":{"self":[{"href":"https:\/\/janssencosmetics.lt\/en\/wp-json\/wp\/v2\/product\/1593"}],"collection":[{"href":"https:\/\/janssencosmetics.lt\/en\/wp-json\/wp\/v2\/product"}],"about":[{"href":"https:\/\/janssencosmetics.lt\/en\/wp-json\/wp\/v2\/types\/product"}],"wp:featuredmedia":[{"embeddable":true,"href":"https:\/\/janssencosmetics.lt\/en\/wp-json\/wp\/v2\/media\/3241"}],"wp:attachment":[{"href":"https:\/\/janssencosmetics.lt\/en\/wp-json\/wp\/v2\/media?parent=1593"}],"wp:term":[{"taxonomy":"product_cat","embeddable":true,"href":"https:\/\/janssencosmetics.lt\/en\/wp-json\/wp\/v2\/product_cat?post=1593"},{"taxonomy":"product_tag","embeddable":true,"href":"https:\/\/janssencosmetics.lt\/en\/wp-json\/wp\/v2\/product_tag?post=1593"}],"curies":[{"name":"wp","href":"https:\/\/api.w.org\/{rel}","templated":true}]}}