{"id":1590,"date":"2023-02-21T14:41:31","date_gmt":"2023-02-21T14:41:31","guid":{"rendered":"https:\/\/janssencosmetics.lt\/?post_type=product&#038;p=1590"},"modified":"2025-07-10T13:51:54","modified_gmt":"2025-07-10T13:51:54","slug":"vesinantis-gelis-kojoms","status":"publish","type":"product","link":"https:\/\/janssencosmetics.lt\/en\/produktas\/vesinantis-gelis-kojoms\/","title":{"rendered":"V\u0117sinantis gelis kojoms NEW! 75ml &#8211; 60%"},"content":{"rendered":"<p><span class=\"jCAhz ChMk0b\"><span class=\"ryNqvb\">Lengvas p\u0117d\u0173 gelis, pagamintas i\u0161 vaistini\u0173 savybi\u0173 turin\u010di\u0173 augalini\u0173 ingredient\u0173 \u2013 raudon\u0173j\u0173 vynuogi\u0173 ir ka\u0161ton\u0173 lap\u0173 ekstrakt\u0173 \u2013 akimirksniu pa\u0161alina nuovarg\u012f ir sunkumo jausm\u0105 kojose, maloniai v\u0117sina, gaivina ir tonizuoja od\u0105, ma\u017eina patinim\u0105.<\/span><\/span> <span class=\"jCAhz ChMk0b\"><span class=\"ryNqvb\">Padeda i\u0161vengti kraujagysli\u0173 u\u017esikim\u0161imo, ma\u017eina \u012ftamp\u0105 koj\u0173 raumenyse, ypa\u010d po ilg\u0173 statini\u0173 kr\u016bvi\u0173 (s\u0117dint ar stovint).<\/span><\/span> <span class=\"jCAhz ChMk0b\"><span class=\"ryNqvb\">Gelis gerai dr\u0117kina od\u0105, greitai susigeria be lipnumo, esant reikalui galima tepti ant nailonini\u0173 kojini\u0173 ar p\u0117dkelni\u0173.<\/span><\/span> Veiksminga priemon\u0117 \u017emon\u0117ms<span class=\"jCAhz ChMk0b\"><span class=\"ryNqvb\"> kurie daug laiko praleid\u017eia \u00a0stovint ar s\u0117dint,\u00a0 keliaujant.<\/span><\/span><br \/>\n<strong>Veikliosios med\u017eiagos:<\/strong> Raudon\u0173j\u0173 vynmed\u017ei\u0173 lapai, arklio ka\u0161tonas, eukalipto aliejus, mentolis, glicerinas.<br \/>\n<strong>Naudojimas:<\/strong> Tepkite nuo p\u0117d\u0173 iki vir\u0161utin\u0117s \u0161laun\u0173 dalies vidurio.Jei reikia, tepkite kelis kartus per dien\u0105. <span class=\"jCAhz ChMk0b\"><span class=\"ryNqvb\">Galima tepti ant p\u0117dkelni\u0173.<\/span><\/span>Patarimas ypa\u010d kar\u0161toms dienoms: prie\u0161 tepdami t\u016bbel\u0119 laikykite \u0161aldytuve. Netepkite i\u0161 karto po depiliacijos.<\/p>\n<p>Galiojimas iki 2025.03.31<\/p>\n","protected":false},"excerpt":{"rendered":"<p>V\u0117sinamasis gelis &#8211; SOS priemon\u0117 pavargusioms, &#8220;sunkioms&#8221; kojoms! Suteikia greit\u0105 palengv\u0117jim\u0105 \u2013 maloniai v\u0117sina, tonizuoja, pa\u0161alina sunkumo jausm\u0105 kojose.<\/p>\n","protected":false},"featured_media":1591,"template":"","meta":[],"product_cat":[41,62,25,63,98],"product_tag":[],"_links":{"self":[{"href":"https:\/\/janssencosmetics.lt\/en\/wp-json\/wp\/v2\/product\/1590"}],"collection":[{"href":"https:\/\/janssencosmetics.lt\/en\/wp-json\/wp\/v2\/product"}],"about":[{"href":"https:\/\/janssencosmetics.lt\/en\/wp-json\/wp\/v2\/types\/product"}],"wp:featuredmedia":[{"embeddable":true,"href":"https:\/\/janssencosmetics.lt\/en\/wp-json\/wp\/v2\/media\/1591"}],"wp:attachment":[{"href":"https:\/\/janssencosmetics.lt\/en\/wp-json\/wp\/v2\/media?parent=1590"}],"wp:term":[{"taxonomy":"product_cat","embeddable":true,"href":"https:\/\/janssencosmetics.lt\/en\/wp-json\/wp\/v2\/product_cat?post=1590"},{"taxonomy":"product_tag","embeddable":true,"href":"https:\/\/janssencosmetics.lt\/en\/wp-json\/wp\/v2\/product_tag?post=1590"}],"curies":[{"name":"wp","href":"https:\/\/api.w.org\/{rel}","templated":true}]}}