{"id":1583,"date":"2023-02-21T13:48:20","date_gmt":"2023-02-21T13:48:20","guid":{"rendered":"https:\/\/janssencosmetics.lt\/?post_type=product&#038;p=1583"},"modified":"2024-08-16T09:25:27","modified_gmt":"2024-08-16T09:25:27","slug":"drekinantis-ranku-kremas","status":"publish","type":"product","link":"https:\/\/janssencosmetics.lt\/en\/produktas\/drekinantis-ranku-kremas\/","title":{"rendered":"Dr\u0117kinantis rank\u0173 kremas 50ml"},"content":{"rendered":"<p>Rank\u0173 kremas stimuliuoja kolageno matricos regeneracij\u0105, sukuria ploniausi\u0105 apsaugin\u0119 pl\u0117vel\u0119 ant rank\u0173 odos pavir\u0161iaus, atkuria nat\u016brali\u0105 apsaugin\u0119 mantij\u0105. R\u016bpinasi odel\u0117mis ir akivaizd\u017eiai stiprina nagus. Maloniai atv\u0117sina rankas i\u0161kart po panaudojimo. Galima naudoti po kiekvieno plovimo rankomis, nes nepalieka odos riebumo poj\u016b\u010dio.<br \/>\n<strong>Veikliosios med\u017eiagos:<\/strong> E\u017eiuol\u0117s purpurea ekstraktas, Bisabololis,Farnesolis.<br \/>\n<strong>Naudojimas:<\/strong> Kremas tepamas ant rank\u0173, \u012fskaitant odeli\u0173 srit\u012f, lengvais masa\u017eo judesiais tiek da\u017enai, kiek reikia.<\/p>\n","protected":false},"excerpt":{"rendered":"<p>Rank\u0173 prie\u017ei\u016bros kremas \u2013 greitai mal\u0161ina u\u017edegimus,atkuria ir dr\u0117kina i\u0161saus\u0117jusi\u0105, skilin\u0117jan\u010di\u0105 rank\u0173 od\u0105.<\/p>\n","protected":false},"featured_media":1586,"template":"","meta":[],"product_cat":[41,62,25,63,98,64],"product_tag":[229],"_links":{"self":[{"href":"https:\/\/janssencosmetics.lt\/en\/wp-json\/wp\/v2\/product\/1583"}],"collection":[{"href":"https:\/\/janssencosmetics.lt\/en\/wp-json\/wp\/v2\/product"}],"about":[{"href":"https:\/\/janssencosmetics.lt\/en\/wp-json\/wp\/v2\/types\/product"}],"wp:featuredmedia":[{"embeddable":true,"href":"https:\/\/janssencosmetics.lt\/en\/wp-json\/wp\/v2\/media\/1586"}],"wp:attachment":[{"href":"https:\/\/janssencosmetics.lt\/en\/wp-json\/wp\/v2\/media?parent=1583"}],"wp:term":[{"taxonomy":"product_cat","embeddable":true,"href":"https:\/\/janssencosmetics.lt\/en\/wp-json\/wp\/v2\/product_cat?post=1583"},{"taxonomy":"product_tag","embeddable":true,"href":"https:\/\/janssencosmetics.lt\/en\/wp-json\/wp\/v2\/product_tag?post=1583"}],"curies":[{"name":"wp","href":"https:\/\/api.w.org\/{rel}","templated":true}]}}