{"id":1580,"date":"2023-02-21T10:56:31","date_gmt":"2023-02-21T10:56:31","guid":{"rendered":"https:\/\/janssencosmetics.lt\/?post_type=product&#038;p=1580"},"modified":"2026-01-03T09:13:37","modified_gmt":"2026-01-03T09:13:37","slug":"gaivinancios-prausimosi-putos-su-guaranos-ekstraktu-ir-avokadu-aliejumi","status":"publish","type":"product","link":"https:\/\/janssencosmetics.lt\/en\/produktas\/gaivinancios-prausimosi-putos-su-guaranos-ekstraktu-ir-avokadu-aliejumi\/","title":{"rendered":"Gaivinan\u010dios prausimosi putos su guaranos ekstraktu ir avokad\u0173 aliejumi NEW! 200ml"},"content":{"rendered":"<p>Refreshing Shower Mousse \u0161velniai valo od\u0105, apsaugo nuo i\u0161saus\u0117jimo, palaiko dr\u0117gm\u0117s pusiausvyra, kartu paliekdamas fantasti\u0161k\u0105 gaivumo ir stangrumo poj\u016bt\u012f \u2013 tobula dienos prad\u017eia!<br \/>\n<strong>Veikliosios med\u017eiagos:<\/strong> avokad\u0173 aliejus, jojoba aliejus, nikotino r\u016bg\u0161ties metilo esteris, guaranos ekstraktas Guarana (Paullinia cupana).<br \/>\n<strong>Naudojimas:<\/strong> Nedidel\u012f put\u0173 kiek\u012f u\u017etepkite ant dr\u0117gnos odos, suputokite, tada kruop\u0161\u010diai nuplaukite. Idealiai tinka kasdieniam naudojimui.<\/p>\n","protected":false},"excerpt":{"rendered":"<p>Suteikia odai \u0161velnumo, glotnumo, \u0161velniai atgaivina ir palieka malon\u0173 \u0161varos jausm\u0105. Must-have jautriai k\u016bno odai!<\/p>\n<p>Galiojimo laikas: 2026.02<\/p>\n","protected":false},"featured_media":1581,"template":"","meta":[],"product_cat":[41,25,63,98,61],"product_tag":[],"_links":{"self":[{"href":"https:\/\/janssencosmetics.lt\/en\/wp-json\/wp\/v2\/product\/1580"}],"collection":[{"href":"https:\/\/janssencosmetics.lt\/en\/wp-json\/wp\/v2\/product"}],"about":[{"href":"https:\/\/janssencosmetics.lt\/en\/wp-json\/wp\/v2\/types\/product"}],"wp:featuredmedia":[{"embeddable":true,"href":"https:\/\/janssencosmetics.lt\/en\/wp-json\/wp\/v2\/media\/1581"}],"wp:attachment":[{"href":"https:\/\/janssencosmetics.lt\/en\/wp-json\/wp\/v2\/media?parent=1580"}],"wp:term":[{"taxonomy":"product_cat","embeddable":true,"href":"https:\/\/janssencosmetics.lt\/en\/wp-json\/wp\/v2\/product_cat?post=1580"},{"taxonomy":"product_tag","embeddable":true,"href":"https:\/\/janssencosmetics.lt\/en\/wp-json\/wp\/v2\/product_tag?post=1580"}],"curies":[{"name":"wp","href":"https:\/\/api.w.org\/{rel}","templated":true}]}}