{"id":1577,"date":"2023-02-21T09:59:35","date_gmt":"2023-02-21T09:59:35","guid":{"rendered":"https:\/\/janssencosmetics.lt\/?post_type=product&#038;p=1577"},"modified":"2026-01-16T13:14:51","modified_gmt":"2026-01-16T13:14:51","slug":"kuno-sveitiklis","status":"publish","type":"product","link":"https:\/\/janssencosmetics.lt\/en\/produktas\/kuno-sveitiklis\/","title":{"rendered":"K\u016bno \u0161veitiklis, 150ml"},"content":{"rendered":"<p>K\u016bno odai skirtos \u0161veitimo priemon\u0117s pasi\u017eymi tomis pa\u010diomis savyb\u0117mis ir privalumais, kaip ir veido pilingai: po \u0161veitimo proced\u016bros oda i\u0161lyginama, sustipr\u0117ja kraujotaka, \u017eenkliai padid\u0117ja odos geb\u0117jimas \u012fsisavinti aktyvius v\u0117lesn\u0117s prie\u017ei\u016bros komponentus. Stimuliuojan\u010di\u0173 ir r\u016bpesting\u0173 ingredient\u0173 \u2013 planktono ir dumbli\u0173 ekstrakt\u0173 d\u0117ka, Oxygenating Body Scrub papildo mineral\u0173 ir mikroelement\u0173 tr\u016bkum\u0105 odoje ir akivaizd\u017eiai i\u0161lygina od\u0105. \u0160vei\u010diamosios sferin\u0117s dalel\u0117s efektyviai pa\u0161alina negyvas odos l\u0105steles, valo, atnaujina od\u0105, i\u0161lygina reljef\u0105. Kovoja su odos &#8220;\u0161iurk\u0161tumu&#8221;.Puikiai paruo\u0161ia intensyviai k\u016bno prie\u017eiurai. \u00a0\u00a0\u00a0 <strong>\u00a0 \u00a0 \u00a0 \u00a0 \u00a0 \u00a0 \u00a0 \u00a0 \u00a0 \u00a0 \u00a0 \u00a0 \u00a0 \u00a0 \u00a0 \u00a0 \u00a0 \u00a0 \u00a0 \u00a0 \u00a0 \u00a0 \u00a0 \u00a0 \u00a0 \u00a0 \u00a0 \u00a0 \u00a0 \u00a0 <\/strong><br \/>\n<strong>Veikliosios med\u017eiagos:<\/strong> \u0160vei\u010diamosios granul\u0117s,Kokoso betainas,Dumbli\u0173 ekstraktai,Planktono ekstraktas,<br \/>\n<strong>Naudojimas:<\/strong>\u00a0 Tepkite k\u016bno \u0161veitikl\u012f ant \u0161lapio k\u016bno maudydamiesi\/prausdamiesi po du\u0161u ir energingai masa\u017euokite. Ypating\u0105 d\u0117mes\u012f atkreipkite \u012f vietas su \u0161iurk\u0161\u010dia oda (alk\u016bn\u0117s, keliai, kulnai). Kruop\u0161\u010diai nuplaukite pilingo liku\u010dius.<\/p>\n","protected":false},"excerpt":{"rendered":"<p>Produktas &#8220;2-in-1&#8221; (du\u0161o \u017eel\u0117 ir pilingas) skirtas intensyviam odos valymui. Pa\u0161alina negyvas odos l\u0105steles ir komedonus, i\u0161lygina k\u016bno odos reljef\u0105, pagerina kraujotak\u0105.<\/p>\n","protected":false},"featured_media":1588,"template":"","meta":[],"product_cat":[41,25,63,98,61],"product_tag":[],"_links":{"self":[{"href":"https:\/\/janssencosmetics.lt\/en\/wp-json\/wp\/v2\/product\/1577"}],"collection":[{"href":"https:\/\/janssencosmetics.lt\/en\/wp-json\/wp\/v2\/product"}],"about":[{"href":"https:\/\/janssencosmetics.lt\/en\/wp-json\/wp\/v2\/types\/product"}],"wp:featuredmedia":[{"embeddable":true,"href":"https:\/\/janssencosmetics.lt\/en\/wp-json\/wp\/v2\/media\/1588"}],"wp:attachment":[{"href":"https:\/\/janssencosmetics.lt\/en\/wp-json\/wp\/v2\/media?parent=1577"}],"wp:term":[{"taxonomy":"product_cat","embeddable":true,"href":"https:\/\/janssencosmetics.lt\/en\/wp-json\/wp\/v2\/product_cat?post=1577"},{"taxonomy":"product_tag","embeddable":true,"href":"https:\/\/janssencosmetics.lt\/en\/wp-json\/wp\/v2\/product_tag?post=1577"}],"curies":[{"name":"wp","href":"https:\/\/api.w.org\/{rel}","templated":true}]}}