{"id":1560,"date":"2023-02-20T14:12:24","date_gmt":"2023-02-20T14:12:24","guid":{"rendered":"https:\/\/janssencosmetics.lt\/?post_type=product&#038;p=1560"},"modified":"2026-02-24T08:42:29","modified_gmt":"2026-02-24T08:42:29","slug":"restrukturizuojantis-koncentratas-su-liftingo-efektu","status":"publish","type":"product","link":"https:\/\/janssencosmetics.lt\/en\/produktas\/restrukturizuojantis-koncentratas-su-liftingo-efektu\/","title":{"rendered":"Restrukt\u016brizuojantis koncentratas su liftingo efektu, 7x2ml"},"content":{"rendered":"<p>D\u0117l didel\u0117s speciali\u0173j\u0173 veikli\u0173j\u0173 med\u017eiag\u0173 koncentracijos Anti-Wrinkle Booster padeda\u00a0i\u0161lyginti rauk\u0161les,\u00a0\u012fskaitant mimikos, atkuria\u00a0odos elastingum\u0105, stangrina od\u0105, suteikia greit\u0105 liftingo efekt\u0105. Giliai dr\u0117kina od\u0105 72 valandas. Puiki priemon\u0117 makia\u017eo pagrindui.<br \/>\n<strong>Veiklieji komponentai<\/strong>: <span class=\"jCAhz ChMk0b\"><span class=\"ryNqvb\">Gatuline\u00ae Ex*pression (Acmella oleracea): nat\u016bralus augalinis raumen\u0173 relaksantas,<\/span><\/span>\u00a0<span class=\"jCAhz ChMk0b\"><span class=\"ryNqvb\">Instensyl\u00ae (kasavos \u0161akn\u0173 ekstraktas),<\/span><\/span> <span class=\"jCAhz ChMk0b\"><span class=\"ryNqvb\">Ilgos grandin\u0117s hialurono r\u016bg\u0161tis,<\/span><\/span> <span class=\"jCAhz ChMk0b\"><span class=\"ryNqvb\">Trumpos grandin\u0117s hialurono r\u016bg\u0161tis, <\/span><\/span><span class=\"jCAhz ChMk0b\"><span class=\"ryNqvb\">Invertuotas cukrus.<\/span><\/span><br \/>\n<strong>Naudojimas:<\/strong> Prilaikant servet\u0117le nulau\u017eyti ampul\u0117s galvut\u0119, i\u0161pilti ampul\u0117s turin\u012f ant rankos ir paskirstyti ant odos. Venkite zonos aplink akis. Kasdien, ryte arba vakare paskirstykite ant nuvalytos veido, kaklo ir i\u0161kirpt\u0117s srities odos. Kursas yra kasdien, 7 dienas. Intensyvus kursas \u2013 28 dienos. Naudoti tik i\u0161ori\u0161kai.<\/p>\n<p>&nbsp;<\/p>\n","protected":false},"excerpt":{"rendered":"<p>Tai naujas restrukt\u016brizavimo liftingo serumas ampul\u0117se, specialiai sukurtas odai su ry\u0161kiais sen\u0117jimo po\u017eymiais.<\/p>\n","protected":false},"featured_media":1561,"template":"","meta":[],"product_cat":[38,117],"product_tag":[],"_links":{"self":[{"href":"https:\/\/janssencosmetics.lt\/en\/wp-json\/wp\/v2\/product\/1560"}],"collection":[{"href":"https:\/\/janssencosmetics.lt\/en\/wp-json\/wp\/v2\/product"}],"about":[{"href":"https:\/\/janssencosmetics.lt\/en\/wp-json\/wp\/v2\/types\/product"}],"wp:featuredmedia":[{"embeddable":true,"href":"https:\/\/janssencosmetics.lt\/en\/wp-json\/wp\/v2\/media\/1561"}],"wp:attachment":[{"href":"https:\/\/janssencosmetics.lt\/en\/wp-json\/wp\/v2\/media?parent=1560"}],"wp:term":[{"taxonomy":"product_cat","embeddable":true,"href":"https:\/\/janssencosmetics.lt\/en\/wp-json\/wp\/v2\/product_cat?post=1560"},{"taxonomy":"product_tag","embeddable":true,"href":"https:\/\/janssencosmetics.lt\/en\/wp-json\/wp\/v2\/product_tag?post=1560"}],"curies":[{"name":"wp","href":"https:\/\/api.w.org\/{rel}","templated":true}]}}