{"id":1552,"date":"2023-02-14T14:36:46","date_gmt":"2023-02-14T14:36:46","guid":{"rendered":"https:\/\/janssencosmetics.lt\/?post_type=product&#038;p=1552"},"modified":"2024-08-16T09:37:46","modified_gmt":"2024-08-16T09:37:46","slug":"energizuojantis-ikru-koncentratas-sausai-brandziai-odai","status":"publish","type":"product","link":"https:\/\/janssencosmetics.lt\/en\/produktas\/energizuojantis-ikru-koncentratas-sausai-brandziai-odai\/","title":{"rendered":"Energizuojantis ikr\u0173 koncentratas sausai brand\u017eiai odai, 7x2ml"},"content":{"rendered":"<p>Efektyvus koncentratas su dideliu kiekiu ikr\u0173 ekstrakto. Mink\u0161tina, \u0161velnina od\u0105, stiprina jos apsaugines savybes, regeneruoja ir mineralizuoja.<br \/>\n<strong>Veiklieji komponentai:<\/strong> ikr\u0173 ekstraktai, ilgosios grandin\u0117s hialurono r\u016bg\u0161tis.<br \/>\n<strong>Naudojimas:<\/strong> Prilaikant servet\u0117le nulau\u017eyti ampul\u0117s galvut\u0119, i\u0161pilti ampul\u0117s turin\u012f ant rankos ir paskirstyti ant odos. Venkite zonos aplink akis. Kasdien, ryte arba vakare paskirstykite ant nuvalytos veido, kaklo ir i\u0161kirpt\u0117s srities odos. Kursas yra kasdien, 7 dienas. Intensyvus kursas \u2013 28 dienos. Naudoti tik i\u0161ori\u0161kai.<\/p>\n","protected":false},"excerpt":{"rendered":"<p>Skirtas pa\u017eeistai,str\u0117so paveiktai, sausai arba brand\u017eiai odai.<\/p>\n","protected":false},"featured_media":1553,"template":"","meta":[],"product_cat":[38,117],"product_tag":[],"_links":{"self":[{"href":"https:\/\/janssencosmetics.lt\/en\/wp-json\/wp\/v2\/product\/1552"}],"collection":[{"href":"https:\/\/janssencosmetics.lt\/en\/wp-json\/wp\/v2\/product"}],"about":[{"href":"https:\/\/janssencosmetics.lt\/en\/wp-json\/wp\/v2\/types\/product"}],"wp:featuredmedia":[{"embeddable":true,"href":"https:\/\/janssencosmetics.lt\/en\/wp-json\/wp\/v2\/media\/1553"}],"wp:attachment":[{"href":"https:\/\/janssencosmetics.lt\/en\/wp-json\/wp\/v2\/media?parent=1552"}],"wp:term":[{"taxonomy":"product_cat","embeddable":true,"href":"https:\/\/janssencosmetics.lt\/en\/wp-json\/wp\/v2\/product_cat?post=1552"},{"taxonomy":"product_tag","embeddable":true,"href":"https:\/\/janssencosmetics.lt\/en\/wp-json\/wp\/v2\/product_tag?post=1552"}],"curies":[{"name":"wp","href":"https:\/\/api.w.org\/{rel}","templated":true}]}}