{"id":1546,"date":"2023-02-14T14:24:17","date_gmt":"2023-02-14T14:24:17","guid":{"rendered":"https:\/\/janssencosmetics.lt\/?post_type=product&#038;p=1546"},"modified":"2025-08-08T09:56:28","modified_gmt":"2025-08-08T09:56:28","slug":"sviesinantis-koncentratas-2","status":"publish","type":"product","link":"https:\/\/janssencosmetics.lt\/en\/produktas\/sviesinantis-koncentratas-2\/","title":{"rendered":"\u0160viesinantis koncentratas, 7x2ml -20%"},"content":{"rendered":"<p>Pa\u0161viesina ir i\u0161lygina od\u0105, slopina melanino gamyb\u0105. <strong><br \/>\n<\/strong><strong>V<\/strong><strong>eiklieji komponentai: <\/strong>\u0161ilkmed\u017eio ekstraktas, ferulino r\u016bg\u0161tis, natrio gliukonatas, hialurono r\u016bg\u0161tis ilgosios grandin\u0117s.<br \/>\n<strong>Naudojimas:<\/strong> Prilaikant servet\u0117le nulau\u017eyti ampul\u0117s galvut\u0119, i\u0161pilti ampul\u0117s turin\u012f ant rankos ir paskirstyti ant odos. Venkite zonos aplink akis. Kasdien, ryte arba vakare paskirstykite ant nuvalytos veido, kaklo ir i\u0161kirpt\u0117s srities odos. Kursas yra kasdien, 7 dienas. Intensyvus kursas \u2013 28 dienos. Naudoti tik i\u0161ori\u0161kai.<\/p>\n","protected":false},"excerpt":{"rendered":"<p>Koncentratas odai su nepageidaujama pigmentacija.<\/p>\n","protected":false},"featured_media":3340,"template":"","meta":[],"product_cat":[38,33,117],"product_tag":[],"_links":{"self":[{"href":"https:\/\/janssencosmetics.lt\/en\/wp-json\/wp\/v2\/product\/1546"}],"collection":[{"href":"https:\/\/janssencosmetics.lt\/en\/wp-json\/wp\/v2\/product"}],"about":[{"href":"https:\/\/janssencosmetics.lt\/en\/wp-json\/wp\/v2\/types\/product"}],"wp:featuredmedia":[{"embeddable":true,"href":"https:\/\/janssencosmetics.lt\/en\/wp-json\/wp\/v2\/media\/3340"}],"wp:attachment":[{"href":"https:\/\/janssencosmetics.lt\/en\/wp-json\/wp\/v2\/media?parent=1546"}],"wp:term":[{"taxonomy":"product_cat","embeddable":true,"href":"https:\/\/janssencosmetics.lt\/en\/wp-json\/wp\/v2\/product_cat?post=1546"},{"taxonomy":"product_tag","embeddable":true,"href":"https:\/\/janssencosmetics.lt\/en\/wp-json\/wp\/v2\/product_tag?post=1546"}],"curies":[{"name":"wp","href":"https:\/\/api.w.org\/{rel}","templated":true}]}}