{"id":1543,"date":"2023-02-14T14:08:28","date_gmt":"2023-02-14T14:08:28","guid":{"rendered":"https:\/\/janssencosmetics.lt\/?post_type=product&#038;p=1543"},"modified":"2024-08-16T09:38:32","modified_gmt":"2024-08-16T09:38:32","slug":"anti-age-koncentratas-su-vit-c","status":"publish","type":"product","link":"https:\/\/janssencosmetics.lt\/en\/produktas\/anti-age-koncentratas-su-vit-c\/","title":{"rendered":"Anti-age koncentratas su Vit. C, 7x2ml"},"content":{"rendered":"<p>Tiksliai sukalibruotoje formul\u0117je yra optimali nat\u016brali\u0173 ingredient\u0173 koncentracija, kuri\u0173 derinys suteikia momentin\u012f ir ilgalaik\u012f atnaujintos, glotnios,jaunatvi\u0161kos odos efekt\u0105. Norint sustiprinti rezultat\u0105, rekomenduojama taikyti kurs\u0105. Per 28 dienas ma\u017e\u0117ja smulki\u0173 rauk\u0161li\u0173, pastebimai \u0161vies\u0117ja senatvin\u0117s d\u0117m\u0117s, oda \u012fgauna dar didesn\u012f elastingum\u0105, glotnum\u0105, idealiai tolyg\u0173 atspalv\u012f ir palengv\u0117jim\u0105, atrodo pails\u0117jusi kaip po atostog\u0173\u201c. Patentuotas SUPERFRUIT kompleksas su egzotini\u0173 vaisi\u0173 ekstraktais papildomai prisotina od\u0105 vitaminais, mineralais, polisacharidais, vaisi\u0173 r\u016bg\u0161timis.<br \/>\n<strong>Veiklieji komponentai<\/strong>: Askorbilo gliukozidai, M\u0117lyn\u0117, Kiwi, Kalk\u0117s, Goji uogos, Granatas, Glicerolis.<br \/>\n<strong>Naudojimas:<\/strong> Prilaikant servet\u0117le nulau\u017eyti ampul\u0117s galvut\u0119, i\u0161pilti ampul\u0117s turin\u012f ant rankos ir paskirstyti ant odos. Venkite zonos aplink akis. Kasdien, ryte arba vakare paskirstykite ant nuvalytos veido, kaklo ir i\u0161kirpt\u0117s srities odos. Kursas yra kasdien, 7 dienas. Intensyvus kursas \u2013 28 dienos. Naudoti tik i\u0161ori\u0161kai.<\/p>\n","protected":false},"excerpt":{"rendered":"<p>\u201eAtgaivinimo be injekcij\u0173\u201c efektas \u2013 gilus dr\u0117kinimas ir \u0161vytinti veido oda matosi i\u0161kart u\u017etepus ampul\u0119.<\/p>\n","protected":false},"featured_media":1544,"template":"","meta":[],"product_cat":[38,117],"product_tag":[],"_links":{"self":[{"href":"https:\/\/janssencosmetics.lt\/en\/wp-json\/wp\/v2\/product\/1543"}],"collection":[{"href":"https:\/\/janssencosmetics.lt\/en\/wp-json\/wp\/v2\/product"}],"about":[{"href":"https:\/\/janssencosmetics.lt\/en\/wp-json\/wp\/v2\/types\/product"}],"wp:featuredmedia":[{"embeddable":true,"href":"https:\/\/janssencosmetics.lt\/en\/wp-json\/wp\/v2\/media\/1544"}],"wp:attachment":[{"href":"https:\/\/janssencosmetics.lt\/en\/wp-json\/wp\/v2\/media?parent=1543"}],"wp:term":[{"taxonomy":"product_cat","embeddable":true,"href":"https:\/\/janssencosmetics.lt\/en\/wp-json\/wp\/v2\/product_cat?post=1543"},{"taxonomy":"product_tag","embeddable":true,"href":"https:\/\/janssencosmetics.lt\/en\/wp-json\/wp\/v2\/product_tag?post=1543"}],"curies":[{"name":"wp","href":"https:\/\/api.w.org\/{rel}","templated":true}]}}