{"id":1537,"date":"2023-02-13T14:19:39","date_gmt":"2023-02-13T14:19:39","guid":{"rendered":"https:\/\/janssencosmetics.lt\/?post_type=product&#038;p=1537"},"modified":"2024-08-16T09:39:19","modified_gmt":"2024-08-16T09:39:19","slug":"drekinantis-koncentratas-su-hialurono-rugstimi","status":"publish","type":"product","link":"https:\/\/janssencosmetics.lt\/en\/produktas\/drekinantis-koncentratas-su-hialurono-rugstimi\/","title":{"rendered":"Dr\u0117kinantis koncentratas su hialurono r\u016bg\u0161timi, 7x2ml"},"content":{"rendered":"<p>Koncentratas su ilg\u0173j\u0173 ir trump\u0173j\u0173 grandini\u0173 hialurono r\u016bg\u0161timi. Trumposios grandin\u0117s hialurono r\u016bg\u0161tis prasiskverbia \u012f gilesnius odos sluoksnius pripildydama od\u0105 dr\u0117gme, o ilgosios grandin\u0117s hialurono r\u016bg\u0161tis formuoja ant odos pavir\u0161iaus apsaugin\u0119 pl\u0117vel\u0119. Atkuriamas odos elastingumas, oda i\u0161lyginama i\u0161 vidaus, atrodo gaivi, \u0161ilkin\u0117 ir i\u0161puosel\u0117ta. Skirta vis\u0173 tip\u0173 odai.<br \/>\n<strong>Veiklieji komponentai: <\/strong>skirtingos molekulin\u0117s mas\u0117s hialurono r\u016bg\u0161tis.<br \/>\n<strong>Naudojimas:<\/strong> \u00a0Prilaikant servet\u0117le nulau\u017eyti ampul\u0117s galvut\u0119, i\u0161pilti ampul\u0117s turin\u012f ant rankos ir paskirstyti ant odos. Venkite zonos aplink akis. Kasdien, ryte arba vakare paskirstykite ant nuvalytos veido, kaklo ir i\u0161kirpt\u0117s srities odos. Kursas yra kasdien, 7 dienas. Intensyvus kursas \u2013 28 dienos. Naudoti tik i\u0161ori\u0161kai.<\/p>\n<div><\/div>\n","protected":false},"excerpt":{"rendered":"<p>Akimirksniu mal\u0161ina odos \u201etro\u0161kul\u012f\u201c &#8211; ideali priemon\u0117 megapolio gyventojui.<\/p>\n","protected":false},"featured_media":1540,"template":"","meta":[],"product_cat":[34,38,28,117],"product_tag":[],"_links":{"self":[{"href":"https:\/\/janssencosmetics.lt\/en\/wp-json\/wp\/v2\/product\/1537"}],"collection":[{"href":"https:\/\/janssencosmetics.lt\/en\/wp-json\/wp\/v2\/product"}],"about":[{"href":"https:\/\/janssencosmetics.lt\/en\/wp-json\/wp\/v2\/types\/product"}],"wp:featuredmedia":[{"embeddable":true,"href":"https:\/\/janssencosmetics.lt\/en\/wp-json\/wp\/v2\/media\/1540"}],"wp:attachment":[{"href":"https:\/\/janssencosmetics.lt\/en\/wp-json\/wp\/v2\/media?parent=1537"}],"wp:term":[{"taxonomy":"product_cat","embeddable":true,"href":"https:\/\/janssencosmetics.lt\/en\/wp-json\/wp\/v2\/product_cat?post=1537"},{"taxonomy":"product_tag","embeddable":true,"href":"https:\/\/janssencosmetics.lt\/en\/wp-json\/wp\/v2\/product_tag?post=1537"}],"curies":[{"name":"wp","href":"https:\/\/api.w.org\/{rel}","templated":true}]}}