{"id":1533,"date":"2023-02-13T13:42:20","date_gmt":"2023-02-13T13:42:20","guid":{"rendered":"https:\/\/janssencosmetics.lt\/?post_type=product&#038;p=1533"},"modified":"2026-01-15T11:12:38","modified_gmt":"2026-01-15T11:12:38","slug":"koncentratas-su-retinoliu","status":"publish","type":"product","link":"https:\/\/janssencosmetics.lt\/en\/produktas\/koncentratas-su-retinoliu\/","title":{"rendered":"Koncentratas su retinoliu, 7x2ml"},"content":{"rendered":"<p><span class=\"jCAhz ChMk0b\"><span class=\"ryNqvb\">Rekomenduojama naudoti nuo 25 met\u0173, nes kartu turi atnaujinant\u012f ir prie\u0161u\u017edegimin\u012f poveik\u012f odai.<\/span><\/span> <span class=\"jCAhz ChMk0b\"><span class=\"ryNqvb\">Pagreitina regeneracij\u0105, pagerina odos tonus\u0105, tekst\u016br\u0105 ir reljef\u0105, padeda kovoti su prie\u0161laikin\u0117mis rauk\u0161l\u0117mis ir am\u017eiaus d\u0117m\u0117mis.<\/span><\/span> <span class=\"jCAhz ChMk0b\"><span class=\"ryNqvb\">Retinolio ir inovatyvaus Equal Refining komplekso derinys pagerina riebios ir problemin\u0117s, linkusios \u012f spuogus odos b\u016bkl\u0119: normalizuoja riebalini\u0173 liauk\u0173 veikl\u0105, ma\u017eina i\u0161sipl\u0117tusias poras ir neleid\u017eia vystytis u\u017edegimams.<\/span><\/span> H<span class=\"jCAhz ChMk0b\"><span class=\"ryNqvb\">ialurono r\u016bg\u0161tis ir alavijas intensyviai dr\u0117kina od\u0105 ir stiprina jos apsaugin\u012f barjer\u0105.<\/span><\/span> <span class=\"jCAhz ChMk0b\"><span class=\"ryNqvb\">D\u0117l kompleksinio Refining Retinol Fluid veikimo i\u0161nyksta u\u017edegimo po\u017eymiai, oda i\u0161silygina, tampa elastingesn\u0117 ir elastingesn\u0117, atrodo sveika ir jauna.<\/span><\/span><br \/>\n<strong>Veiklieji komponentai: <\/strong>Inkapsuliuotas retinolis, Equal-Refining Complex, Hialurono r\u016bg\u0161tis (ilgos grandin\u0117s), Dr\u0117kinimo boosteris kurio pagrind\u0105 sudaro cukrus ir glicerinas.<br \/>\n<strong>Naudojimas: <\/strong>Prilaikant servet\u0117le nulau\u017eyti ampul\u0117s galvut\u0119, i\u0161pilti ampul\u0117s turin\u012f ant rankos ir paskirstyti ant odos.\u00a0<span class=\"jCAhz ChMk0b\"><span class=\"ryNqvb\">Venkite zonos aplink akis.\u00a0<\/span><\/span><span class=\"jCAhz ChMk0b\"><span class=\"ryNqvb\">Kasdien, ryte arba vakare po valymo ir tonizavimo, po kremu.<\/span><\/span>\u00a0<span class=\"jCAhz ChMk0b\"><span class=\"ryNqvb\">Kursas yra kasdien, 7 dienas.<\/span><\/span>\u00a0<span class=\"jCAhz ChMk0b\"><span class=\"ryNqvb\">Intensyvus kursas \u2013 28 dienos.<\/span><\/span>\u00a0Naudoti tik i\u0161ori\u0161kai.<\/p>\n","protected":false},"excerpt":{"rendered":"<p>Intensyviai atstatantis anti-age fluid su retinoliu.<\/p>\n<p>Galiojimas iki 26.01<\/p>\n","protected":false},"featured_media":1534,"template":"","meta":[],"product_cat":[38,117,98],"product_tag":[],"_links":{"self":[{"href":"https:\/\/janssencosmetics.lt\/en\/wp-json\/wp\/v2\/product\/1533"}],"collection":[{"href":"https:\/\/janssencosmetics.lt\/en\/wp-json\/wp\/v2\/product"}],"about":[{"href":"https:\/\/janssencosmetics.lt\/en\/wp-json\/wp\/v2\/types\/product"}],"wp:featuredmedia":[{"embeddable":true,"href":"https:\/\/janssencosmetics.lt\/en\/wp-json\/wp\/v2\/media\/1534"}],"wp:attachment":[{"href":"https:\/\/janssencosmetics.lt\/en\/wp-json\/wp\/v2\/media?parent=1533"}],"wp:term":[{"taxonomy":"product_cat","embeddable":true,"href":"https:\/\/janssencosmetics.lt\/en\/wp-json\/wp\/v2\/product_cat?post=1533"},{"taxonomy":"product_tag","embeddable":true,"href":"https:\/\/janssencosmetics.lt\/en\/wp-json\/wp\/v2\/product_tag?post=1533"}],"curies":[{"name":"wp","href":"https:\/\/api.w.org\/{rel}","templated":true}]}}