{"id":1524,"date":"2023-02-09T14:01:42","date_gmt":"2023-02-09T14:01:42","guid":{"rendered":"https:\/\/janssencosmetics.lt\/?post_type=product&#038;p=1524"},"modified":"2025-12-18T08:51:47","modified_gmt":"2025-12-18T08:51:47","slug":"detoksikuojantis-koncentratas","status":"publish","type":"product","link":"https:\/\/janssencosmetics.lt\/en\/produktas\/detoksikuojantis-koncentratas\/","title":{"rendered":"Detoksikuojantis koncentratas, 7x2ml -20%!"},"content":{"rendered":"<p>Leid\u017eia palaikyti detoksikacijos procesus odos l\u0105stel\u0117se ir tokiu b\u016bdu sul\u0117tinti sen\u0117jimo procesus. Atsiradusios pigmentin\u0117s d\u0117m\u0117s tampa ma\u017eiau\u00a0 pastebimos, oda tampa lygesn\u0117 ir i\u0161laiko jaunatvi\u0161k\u0105 \u0161vyt\u0117jim\u0105. Tinka visiems odos tipams.<br \/>\n<strong>Veiklieji komponentai<\/strong>: avokad\u0173 peptidas, mieli\u0173 ekstraktas, hialurono r\u016bg\u0161tis su ilg\u0105ja ir trump\u0105ja grandine.<br \/>\n<strong>Naudojimas:<\/strong> \u00a0Prilaikant servet\u0117le nulau\u017eyti ampul\u0117s galvut\u0119, i\u0161pilti ampul\u0117s turin\u012f ant rankos ir paskirstyti ant odos. Venkite zonos aplink akis. Kasdien, ryte arba vakare paskirstykite ant nuvalytos veido, kaklo ir i\u0161kirpt\u0117s srities odos. Kursas yra kasdien, 7 dienas. Intensyvus kursas \u2013 28 dienos. Naudoti tik i\u0161ori\u0161kai.<\/p>\n","protected":false},"excerpt":{"rendered":"<p>Detox Fluid \u2013 detoksikuojantis od\u0105 serumas, sustiprina toksin\u0173 \u0161alinimo procesus.<\/p>\n","protected":false},"featured_media":1525,"template":"","meta":[],"product_cat":[38,117,35],"product_tag":[],"_links":{"self":[{"href":"https:\/\/janssencosmetics.lt\/en\/wp-json\/wp\/v2\/product\/1524"}],"collection":[{"href":"https:\/\/janssencosmetics.lt\/en\/wp-json\/wp\/v2\/product"}],"about":[{"href":"https:\/\/janssencosmetics.lt\/en\/wp-json\/wp\/v2\/types\/product"}],"wp:featuredmedia":[{"embeddable":true,"href":"https:\/\/janssencosmetics.lt\/en\/wp-json\/wp\/v2\/media\/1525"}],"wp:attachment":[{"href":"https:\/\/janssencosmetics.lt\/en\/wp-json\/wp\/v2\/media?parent=1524"}],"wp:term":[{"taxonomy":"product_cat","embeddable":true,"href":"https:\/\/janssencosmetics.lt\/en\/wp-json\/wp\/v2\/product_cat?post=1524"},{"taxonomy":"product_tag","embeddable":true,"href":"https:\/\/janssencosmetics.lt\/en\/wp-json\/wp\/v2\/product_tag?post=1524"}],"curies":[{"name":"wp","href":"https:\/\/api.w.org\/{rel}","templated":true}]}}