{"id":1520,"date":"2023-02-09T13:41:51","date_gmt":"2023-02-09T13:41:51","guid":{"rendered":"https:\/\/janssencosmetics.lt\/?post_type=product&#038;p=1520"},"modified":"2024-08-16T09:40:31","modified_gmt":"2024-08-16T09:40:31","slug":"koncentratas-veido-konturo-patempimui","status":"publish","type":"product","link":"https:\/\/janssencosmetics.lt\/en\/produktas\/koncentratas-veido-konturo-patempimui\/","title":{"rendered":"Koncentratas veido kont\u016bro patempimui, 7x2ml"},"content":{"rendered":"<p>D\u0117l savo galing\u0173 veikli\u0173j\u0173 med\u017eiag\u0173, Skin Contour Fluid serumas labai efektyviai gerina odos elastingum\u0105 ir formuoja veido kont\u016brus, padeda i\u0161spr\u0119sti pigmentacijos sutrikim\u0173, pasi\u017eymi prie\u0161u\u017edegimin\u0117mis savyb\u0117mis ir apsaugo od\u0105 nuo laisv\u0173j\u0173 radikal\u0173.<br \/>\n<strong>Veiklieji komponentai:<\/strong> ESP*elastino sintez\u0119 stimuliuojantys peptidai, Augal\u0173 ekstrakt\u0173 kompleksas SORR*,labai aktyv\u016bs Siegesbeckia (Siegesbeckia orientalis) ir Rhabdosia (Rabdosia rubescens) ekstraktai, Invertuotas cukrus, Ilgos grandin\u0117s hialurono r\u016bg\u0161tis.<br \/>\n<strong>Naudojimas:<\/strong> Prilaikant servet\u0117le nulau\u017eyti ampul\u0117s galvut\u0119, i\u0161pilti ampul\u0117s turin\u012f ant rankos ir paskirstyti ant odos. Venkite zonos aplink akis. Kasdien, ryte arba vakare paskirstykite ant nuvalytos veido, kaklo ir i\u0161kirpt\u0117s srities odos. Kursas yra kasdien, 7 dienas. Intensyvus kursas \u2013 28 dienos. Naudoti tik i\u0161ori\u0161kai.<\/p>\n","protected":false},"excerpt":{"rendered":"<p>Intensyvaus poveikio veido serumas Skin Contour Fluid\u00a0 su liftingo efektu.<\/p>\n","protected":false},"featured_media":1521,"template":"","meta":[],"product_cat":[38,117,30],"product_tag":[],"_links":{"self":[{"href":"https:\/\/janssencosmetics.lt\/en\/wp-json\/wp\/v2\/product\/1520"}],"collection":[{"href":"https:\/\/janssencosmetics.lt\/en\/wp-json\/wp\/v2\/product"}],"about":[{"href":"https:\/\/janssencosmetics.lt\/en\/wp-json\/wp\/v2\/types\/product"}],"wp:featuredmedia":[{"embeddable":true,"href":"https:\/\/janssencosmetics.lt\/en\/wp-json\/wp\/v2\/media\/1521"}],"wp:attachment":[{"href":"https:\/\/janssencosmetics.lt\/en\/wp-json\/wp\/v2\/media?parent=1520"}],"wp:term":[{"taxonomy":"product_cat","embeddable":true,"href":"https:\/\/janssencosmetics.lt\/en\/wp-json\/wp\/v2\/product_cat?post=1520"},{"taxonomy":"product_tag","embeddable":true,"href":"https:\/\/janssencosmetics.lt\/en\/wp-json\/wp\/v2\/product_tag?post=1520"}],"curies":[{"name":"wp","href":"https:\/\/api.w.org\/{rel}","templated":true}]}}