{"id":1517,"date":"2023-02-09T13:26:05","date_gmt":"2023-02-09T13:26:05","guid":{"rendered":"https:\/\/janssencosmetics.lt\/?post_type=product&#038;p=1517"},"modified":"2025-08-08T08:33:03","modified_gmt":"2025-08-08T08:33:03","slug":"koncentratas-jautriai-odai","status":"publish","type":"product","link":"https:\/\/janssencosmetics.lt\/en\/produktas\/koncentratas-jautriai-odai\/","title":{"rendered":"Koncentratas jautriai odai, 7x2ml"},"content":{"rendered":"<p>Akimirksniu nuramina od\u0105, pa\u0161alina dirginim\u0105 ir nie\u017e\u0117jim\u0105. Maitina, mink\u0161tina ir lygina labai saus\u0105 od\u0105. Stiprina ir atkuria epidermio barjer\u0105. Didina odos atsparum\u0105 i\u0161oriniams dirgikliams. Puikiai tinka kaip masa\u017eo priemon\u0117.<br \/>\n<strong>Veiklieji komponentai:<\/strong> makadamijos aliejus, Izostearilo izostearatas (ISIS), Medetk\u0173 ekstraktas, Bisabololis.Skvalanas.<br \/>\n<strong>Naudojimas:<\/strong> Prilaikant servet\u0117le nulau\u017eyti ampul\u0117s galvut\u0119, i\u0161pilti ampul\u0117s turin\u012f ant rankos ir paskirstyti ant odos. Venkite zonos aplink akis. Kasdien, ryte arba vakare paskirstykite ant nuvalytos veido, kaklo ir i\u0161kirpt\u0117s srities odos. Kursas yra kasdien, 7 dienas. Intensyvus kursas \u2013 28 dienos. Naudoti tik i\u0161ori\u0161kai.<\/p>\n","protected":false},"excerpt":{"rendered":"<p>Express \u2013 priemon\u0117 akimirksniu panaikina sausos, i\u0161saus\u0117jusios, itin jautrios odos diskomfort\u0105.<\/p>\n","protected":false},"featured_media":1518,"template":"","meta":[],"product_cat":[38,117,29],"product_tag":[],"_links":{"self":[{"href":"https:\/\/janssencosmetics.lt\/en\/wp-json\/wp\/v2\/product\/1517"}],"collection":[{"href":"https:\/\/janssencosmetics.lt\/en\/wp-json\/wp\/v2\/product"}],"about":[{"href":"https:\/\/janssencosmetics.lt\/en\/wp-json\/wp\/v2\/types\/product"}],"wp:featuredmedia":[{"embeddable":true,"href":"https:\/\/janssencosmetics.lt\/en\/wp-json\/wp\/v2\/media\/1518"}],"wp:attachment":[{"href":"https:\/\/janssencosmetics.lt\/en\/wp-json\/wp\/v2\/media?parent=1517"}],"wp:term":[{"taxonomy":"product_cat","embeddable":true,"href":"https:\/\/janssencosmetics.lt\/en\/wp-json\/wp\/v2\/product_cat?post=1517"},{"taxonomy":"product_tag","embeddable":true,"href":"https:\/\/janssencosmetics.lt\/en\/wp-json\/wp\/v2\/product_tag?post=1517"}],"curies":[{"name":"wp","href":"https:\/\/api.w.org\/{rel}","templated":true}]}}