{"id":1511,"date":"2023-02-09T12:55:19","date_gmt":"2023-02-09T12:55:19","guid":{"rendered":"https:\/\/janssencosmetics.lt\/?post_type=product&#038;p=1511"},"modified":"2026-02-24T08:42:29","modified_gmt":"2026-02-24T08:42:29","slug":"drekinamasis-koncentratas-paakiams","status":"publish","type":"product","link":"https:\/\/janssencosmetics.lt\/en\/produktas\/drekinamasis-koncentratas-paakiams\/","title":{"rendered":"Dr\u0117kinamasis koncentratas paakiams, 7&#215;1,5ml"},"content":{"rendered":"<p>Hialurono r\u016bg\u0161tis greitai ir ilgai dr\u0117kina, atkurdama optimal\u0173 odos hidrobalans\u0105, taip pat i\u0161lygina rauk\u0161les, pagerina odos elastingum\u0105, suteikia ry\u0161k\u0173 liftingo efekt\u0105. Peptid\u0173 kompleksas Matrixyl 3000 suaktyvina kolageno ir hialurono r\u016bg\u0161ties sintez\u0119, paleid\u017eia nat\u016bralius\u00a0 odos atsinaujinimo procesu. Vos per kelias minutes po Eye Flash Fluid paaki\u0173 oda tampa sveika ir gra\u017ei.<br \/>\n<strong>Veiklieji komponentai:<\/strong> ilg\u0173j\u0173 ir trump\u0173j\u0173 grandini\u0173 hialurono r\u016bg\u0161tis, \u00a0<span class=\"jCAhz ChMk0b\"><span class=\"ryNqvb\">Matrixyl 3000 (peptid\u0173 kompleksas), <\/span><\/span><span class=\"jCAhz ChMk0b\"><span class=\"ryNqvb\">Glicerolis.<\/span><\/span><br \/>\n<strong>Naudojimas: <\/strong><span class=\"jCAhz ChMk0b\"><span class=\"ryNqvb\">Eye Flash Fluid tepkite \u0161vari\u0105 od\u0105 aplink akis ryte ir (arba) vakare.<\/span><\/span> <span class=\"jCAhz ChMk0b\"><span class=\"ryNqvb\">Apvyniokite ampul\u0117s galvut\u0119 popieriniu rank\u0161luos\u010diu ir nulau\u017ekite.<\/span><\/span> <span class=\"jCAhz ChMk0b\"><span class=\"ryNqvb\">Supilkite ampul\u0117s turin\u012f \u012f deln\u0105, lengvais glostymo judesiais tolygiai <\/span><\/span> u\u017etepkite ant \u0161varios\u00a0odos aplink akis\u00a0ir\u00a0tolygiai paskirstykite pir\u0161t\u0173 galiukais. <span class=\"jCAhz ChMk0b\"><span class=\"ryNqvb\">Tik i\u0161oriniam naudojimui.<\/span><\/span><\/p>\n","protected":false},"excerpt":{"rendered":"<p>Eye Flash Fluid su hialurono r\u016bg\u0161ties ir peptid\u0173 kompleksu yra intensyviosios terapijos produktas, skirtas specialiai pavargusiai ir jautriai odai aplink akis.<\/p>\n","protected":false},"featured_media":1512,"template":"","meta":[],"product_cat":[38,117],"product_tag":[],"_links":{"self":[{"href":"https:\/\/janssencosmetics.lt\/en\/wp-json\/wp\/v2\/product\/1511"}],"collection":[{"href":"https:\/\/janssencosmetics.lt\/en\/wp-json\/wp\/v2\/product"}],"about":[{"href":"https:\/\/janssencosmetics.lt\/en\/wp-json\/wp\/v2\/types\/product"}],"wp:featuredmedia":[{"embeddable":true,"href":"https:\/\/janssencosmetics.lt\/en\/wp-json\/wp\/v2\/media\/1512"}],"wp:attachment":[{"href":"https:\/\/janssencosmetics.lt\/en\/wp-json\/wp\/v2\/media?parent=1511"}],"wp:term":[{"taxonomy":"product_cat","embeddable":true,"href":"https:\/\/janssencosmetics.lt\/en\/wp-json\/wp\/v2\/product_cat?post=1511"},{"taxonomy":"product_tag","embeddable":true,"href":"https:\/\/janssencosmetics.lt\/en\/wp-json\/wp\/v2\/product_tag?post=1511"}],"curies":[{"name":"wp","href":"https:\/\/api.w.org\/{rel}","templated":true}]}}