{"id":1491,"date":"2023-02-08T14:52:15","date_gmt":"2023-02-08T14:52:15","guid":{"rendered":"https:\/\/janssencosmetics.lt\/?post_type=product&#038;p=1491"},"modified":"2026-01-12T15:39:07","modified_gmt":"2026-01-12T15:39:07","slug":"makiazo-pagrindas-00","status":"publish","type":"product","link":"https:\/\/janssencosmetics.lt\/en\/produktas\/makiazo-pagrindas-00\/","title":{"rendered":"Makia\u017eo pagrindas 00, 30ml  &#8211; 40%!"},"content":{"rendered":"<p>I\u0161lygina odos nelygumus, suvienodina veido odos spalv\u0105. Specialios formul\u0117s d\u0117ka absorbuoja odos riebal\u0173 pertekli\u0173, matifikuoja od\u0105. Sud\u0117tyje yra vitamin\u0173 \u2013antioksidant\u0173 C ir E, dr\u0117kinantis kompleksas, aminor\u016bg\u0161tys, raminantys ir maitinantys komponentai. Tinka vis\u0173 tip\u0173 odai. Su SPF-15. Nepalieka \u017eymi\u0173 ant drabu\u017ei\u0173.<br \/>\n<strong>Veiklieji komponentai:<\/strong> Trimetilsiloksisilikatas,Mononatrio laurilglutamatas ir lizinas, Pseudoalteromonas bakterij\u0173 ferment\u0173 ekstraktas, Hialurono r\u016bg\u0161ti,Titano dioksidas, Etilmetoksicinamatas,Oktokrilenas.<br \/>\n<strong>Naudojimas:<\/strong> Nuvalius od\u0105 ir u\u017etepus prie\u017ei\u016bros priemon\u0119, \u0161velniais judesiais tolygiai\u00a0 paskirstykite makia\u017eo pagrinda ant veido odos. Makia\u017eo u\u017etepimui galite naudoti dr\u0117gn\u0105 kempin\u0119. *4 atspalvi\u0173.<strong> \u00a0\u00a0\u00a0\u00a0\u00a0\u00a0\u00a0\u00a0\u00a0\u00a0\u00a0\u00a0\u00a0\u00a0\u00a0\u00a0\u00a0\u00a0\u00a0\u00a0\u00a0\u00a0\u00a0\u00a0\u00a0\u00a0\u00a0\u00a0\u00a0\u00a0\u00a0\u00a0\u00a0\u00a0\u00a0\u00a0\u00a0\u00a0\u00a0\u00a0\u00a0\u00a0\u00a0\u00a0\u00a0\u00a0\u00a0\u00a0\u00a0\u00a0\u00a0\u00a0\u00a0\u00a0\u00a0\u00a0\u00a0\u00a0\u00a0\u00a0\u00a0\u00a0\u00a0\u00a0 \u00a0\u00a0\u00a0\u00a0\u00a0\u00a0\u00a0\u00a0\u00a0\u00a0\u00a0\u00a0\u00a0\u00a0\u00a0\u00a0\u00a0\u00a0\u00a0\u00a0\u00a0\u00a0\u00a0\u00a0\u00a0\u00a0\u00a0\u00a0\u00a0\u00a0\u00a0\u00a0\u00a0\u00a0\u00a0\u00a0\u00a0\u00a0\u00a0\u00a0\u00a0\u00a0\u00a0\u00a0\u00a0\u00a0\u00a0\u00a0\u00a0\u00a0\u00a0\u00a0\u00a0\u00a0\u00a0\u00a0\u00a0\u00a0\u00a0\u00a0\u00a0\u00a0\u00a0\u00a0\u00a0\u00a0\u00a0\u00a0\u00a0\u00a0\u00a0\u00a0\u00a0\u00a0\u00a0\u00a0\u00a0\u00a0\u00a0\u00a0\u00a0\u00a0\u00a0\u00a0\u00a0\u00a0\u00a0\u00a0\u00a0\u00a0\u00a0\u00a0\u00a0\u00a0\u00a0\u00a0\u00a0\u00a0\u00a0\u00a0\u00a0\u00a0\u00a0<\/strong><\/p>\n","protected":false},"excerpt":{"rendered":"<p>Ilgai i\u0161liekantis, lengvos konsistencijos, neriebios tekst\u016bros makia\u017eo pagrindas.(Patartina makia\u017eo pagrind\u0105 rinktis remiantis \u012fkelta spalv\u0173 palete).<\/p>\n<p>Galiojimo laikas: 2026.05<\/p>\n","protected":false},"featured_media":1497,"template":"","meta":[],"product_cat":[34,37],"product_tag":[],"_links":{"self":[{"href":"https:\/\/janssencosmetics.lt\/en\/wp-json\/wp\/v2\/product\/1491"}],"collection":[{"href":"https:\/\/janssencosmetics.lt\/en\/wp-json\/wp\/v2\/product"}],"about":[{"href":"https:\/\/janssencosmetics.lt\/en\/wp-json\/wp\/v2\/types\/product"}],"wp:featuredmedia":[{"embeddable":true,"href":"https:\/\/janssencosmetics.lt\/en\/wp-json\/wp\/v2\/media\/1497"}],"wp:attachment":[{"href":"https:\/\/janssencosmetics.lt\/en\/wp-json\/wp\/v2\/media?parent=1491"}],"wp:term":[{"taxonomy":"product_cat","embeddable":true,"href":"https:\/\/janssencosmetics.lt\/en\/wp-json\/wp\/v2\/product_cat?post=1491"},{"taxonomy":"product_tag","embeddable":true,"href":"https:\/\/janssencosmetics.lt\/en\/wp-json\/wp\/v2\/product_tag?post=1491"}],"curies":[{"name":"wp","href":"https:\/\/api.w.org\/{rel}","templated":true}]}}