{"id":1480,"date":"2023-02-08T14:12:04","date_gmt":"2023-02-08T14:12:04","guid":{"rendered":"https:\/\/janssencosmetics.lt\/?post_type=product&#038;p=1480"},"modified":"2024-11-25T13:08:19","modified_gmt":"2024-11-25T13:08:19","slug":"gelis-akiu-makiazui-valyti","status":"publish","type":"product","link":"https:\/\/janssencosmetics.lt\/en\/produktas\/gelis-akiu-makiazui-valyti\/","title":{"rendered":"Gelis aki\u0173 makia\u017eui valyti, 100ml"},"content":{"rendered":"<p>Makia\u017eo valiklis nedirgina jautrios odos aplink akis. Sud\u0117tyje n\u0117ra aliejaus, gaivina, maloniai v\u0117sina, suteikia gaivumo ir elastingumo. Valiklis i\u0161saugo nat\u016bral\u0173 odos apsaugin\u012f sluoksn\u012f ir padeda i\u0161laikyti dr\u0117gm\u0119 jo viduje. Rekomenduojama moterims, ne\u0161iojan\u010dioms kontaktinius l\u0119\u0161ius.<br \/>\n<strong>Veiklieji komponentai:<\/strong> Butileno glikolis.<br \/>\n<strong>Naudojimas:<\/strong> Prie\u0161 naudojim\u0105 gerai suplakti! Sudr\u0117kinkite vatos diskel\u012f, 10 sekund\u017ei\u0173 palaikykite ant blakstien\u0173, po to pa\u0161alinkite makia\u017eo liku\u010dius.<\/p>\n","protected":false},"excerpt":{"rendered":"<p>\u0160velniai ir efektyviai nuvalo makia\u017e\u0105\u00a0nuo\u00a0aki\u0173\u00a0ir\u00a0l\u016bp\u0173.<\/p>\n","protected":false},"featured_media":1489,"template":"","meta":[],"product_cat":[34,37,24],"product_tag":[],"_links":{"self":[{"href":"https:\/\/janssencosmetics.lt\/en\/wp-json\/wp\/v2\/product\/1480"}],"collection":[{"href":"https:\/\/janssencosmetics.lt\/en\/wp-json\/wp\/v2\/product"}],"about":[{"href":"https:\/\/janssencosmetics.lt\/en\/wp-json\/wp\/v2\/types\/product"}],"wp:featuredmedia":[{"embeddable":true,"href":"https:\/\/janssencosmetics.lt\/en\/wp-json\/wp\/v2\/media\/1489"}],"wp:attachment":[{"href":"https:\/\/janssencosmetics.lt\/en\/wp-json\/wp\/v2\/media?parent=1480"}],"wp:term":[{"taxonomy":"product_cat","embeddable":true,"href":"https:\/\/janssencosmetics.lt\/en\/wp-json\/wp\/v2\/product_cat?post=1480"},{"taxonomy":"product_tag","embeddable":true,"href":"https:\/\/janssencosmetics.lt\/en\/wp-json\/wp\/v2\/product_tag?post=1480"}],"curies":[{"name":"wp","href":"https:\/\/api.w.org\/{rel}","templated":true}]}}