{"id":1477,"date":"2023-02-08T13:40:05","date_gmt":"2023-02-08T13:40:05","guid":{"rendered":"https:\/\/janssencosmetics.lt\/?post_type=product&#038;p=1477"},"modified":"2024-11-15T13:53:37","modified_gmt":"2024-11-15T13:53:37","slug":"drekinantis-pienielis-po-saules","status":"publish","type":"product","link":"https:\/\/janssencosmetics.lt\/en\/produktas\/drekinantis-pienielis-po-saules\/","title":{"rendered":"Dr\u0117kinantis pienielis po deginimosi saul\u0117je, 150ml"},"content":{"rendered":"<p>Priklausomai nuo ultravioletini\u0173 spinduli\u0173 intensyvumo ir odos tipo, i\u0161kart po saul\u0117s voni\u0173, oda parausta ir jau\u010diasi \u201edeginimas\u201c. Taip atsitinka net naudojant apsaugos nuo saul\u0117s priemones. Tod\u0117l primigtinai rekomenduojame atkreipti d\u0117mes\u012f \u012f odos prie\u017ei\u016br\u0105 po buvimo saul\u0117je. After Sun Lotion sud\u0117tyje turi labai veiksming\u0173 nat\u016brali\u0173 ingredient\u0173, kurie ma\u017eina dirginim\u0105 ir atstato dr\u0117gm\u0117s balans\u0105.<br \/>\n<strong>Veiklieji komponentai:<\/strong> Alavijo sultys, bisabololis, saldymed\u017eio \u0161aknis, arkli\u0173 ka\u0161tonas, pantenolis (provitaminas B5), shea\u00a0 ir macadamia aliejai.<br \/>\n<strong>Naudojimas: <\/strong>tepti emulsija po saul\u0117s voni\u0173.<\/p>\n","protected":false},"excerpt":{"rendered":"<p>Pienelis greitai ir maloniai ramina ir atv\u0117sina od\u0105, apsaugo nuo ankstyvo sen\u0117jimo, pailgina tolygaus, gra\u017eaus \u012fdegio efekt\u0105.<\/p>\n","protected":false},"featured_media":1478,"template":"","meta":[],"product_cat":[25,40,24],"product_tag":[],"_links":{"self":[{"href":"https:\/\/janssencosmetics.lt\/en\/wp-json\/wp\/v2\/product\/1477"}],"collection":[{"href":"https:\/\/janssencosmetics.lt\/en\/wp-json\/wp\/v2\/product"}],"about":[{"href":"https:\/\/janssencosmetics.lt\/en\/wp-json\/wp\/v2\/types\/product"}],"wp:featuredmedia":[{"embeddable":true,"href":"https:\/\/janssencosmetics.lt\/en\/wp-json\/wp\/v2\/media\/1478"}],"wp:attachment":[{"href":"https:\/\/janssencosmetics.lt\/en\/wp-json\/wp\/v2\/media?parent=1477"}],"wp:term":[{"taxonomy":"product_cat","embeddable":true,"href":"https:\/\/janssencosmetics.lt\/en\/wp-json\/wp\/v2\/product_cat?post=1477"},{"taxonomy":"product_tag","embeddable":true,"href":"https:\/\/janssencosmetics.lt\/en\/wp-json\/wp\/v2\/product_tag?post=1477"}],"curies":[{"name":"wp","href":"https:\/\/api.w.org\/{rel}","templated":true}]}}