{"id":1468,"date":"2023-02-08T13:21:03","date_gmt":"2023-02-08T13:21:03","guid":{"rendered":"https:\/\/janssencosmetics.lt\/?post_type=product&#038;p=1468"},"modified":"2026-04-07T18:44:20","modified_gmt":"2026-04-07T18:44:20","slug":"apsauginis-fluidas-su-spf-50","status":"publish","type":"product","link":"https:\/\/janssencosmetics.lt\/en\/produktas\/apsauginis-fluidas-su-spf-50\/","title":{"rendered":"Apsauginis fluidas su SPF 50, 75ml"},"content":{"rendered":"<p>Greitai \u012fsigerianti sen\u0117jim\u0105 stabdanti formul\u0117 maloniai lengvos tekst\u016bros, tinka visoms ypa\u010d jautrioms odos vietoms. Naujausi tyrimai rodo, kad Ectoin\u00ae taip pat suma\u017eina neigiam\u0105 oksidacinio streso poveik\u012f (pvz., hiperpigmentacij\u0105),kur\u012f sukelia m\u0117lyna \u0161viesa ir IR-A spinduliuot\u0117. Trumpos ir ilgos grandin\u0117s hialurono r\u016bg\u0161ties intensyviai dr\u0117kina ir gerina odos b\u016bkl\u0119. Tinkama vis\u0173 tip\u0173 odai, ypatingai lengvos tekst\u016bros emulsija vis\u0105 dien\u0105 papildomai saugo nuo prie\u0161laikinio sen\u0117jimo po\u017eymi\u0173 atsiradymo (rauk\u0161li\u0173, hiperpigmentacijos).<br \/>\n<strong>Veiklieji komponentai:<\/strong> Dietilamino hidroksibenzoilheksilo benzoatas,Etilheksilo triazonas, Bis-etilheksiloksifenolio metoksifenilo triazinas, Ectoine,Hialurono r\u016bg\u0161tis, Glicerinas.<br \/>\n<strong>Naudojimas:<\/strong>tepkite fluid\u0105 prie\u0161 30 min. i\u0161einant \u012f saul\u0119. Po maudymosi teptis kremu pakartotinai.<\/p>\n","protected":false},"excerpt":{"rendered":"<p>U\u017etikrina labai auk\u0161t\u0105 apsaugos nuo saul\u0117s lyg\u012f, u\u017ekertant keli\u0105 prie\u0161laikiniam odos sen\u0117jimui.<\/p>\n","protected":false},"featured_media":1473,"template":"","meta":[],"product_cat":[34,25,40,24],"product_tag":[],"_links":{"self":[{"href":"https:\/\/janssencosmetics.lt\/en\/wp-json\/wp\/v2\/product\/1468"}],"collection":[{"href":"https:\/\/janssencosmetics.lt\/en\/wp-json\/wp\/v2\/product"}],"about":[{"href":"https:\/\/janssencosmetics.lt\/en\/wp-json\/wp\/v2\/types\/product"}],"wp:featuredmedia":[{"embeddable":true,"href":"https:\/\/janssencosmetics.lt\/en\/wp-json\/wp\/v2\/media\/1473"}],"wp:attachment":[{"href":"https:\/\/janssencosmetics.lt\/en\/wp-json\/wp\/v2\/media?parent=1468"}],"wp:term":[{"taxonomy":"product_cat","embeddable":true,"href":"https:\/\/janssencosmetics.lt\/en\/wp-json\/wp\/v2\/product_cat?post=1468"},{"taxonomy":"product_tag","embeddable":true,"href":"https:\/\/janssencosmetics.lt\/en\/wp-json\/wp\/v2\/product_tag?post=1468"}],"curies":[{"name":"wp","href":"https:\/\/api.w.org\/{rel}","templated":true}]}}